{"id":8,"date":"2021-05-14T10:58:25","date_gmt":"2021-05-14T08:58:25","guid":{"rendered":"http:\/\/www.holmon.se\/sommarteater\/?page_id=8"},"modified":"2025-03-04T23:51:57","modified_gmt":"2025-03-04T22:51:57","slug":"valkommen","status":"publish","type":"page","link":"https:\/\/www.holmon.se\/sommarteater\/valkommen\/","title":{"rendered":"Om oss"},"content":{"rendered":"\n<p>Varje sommar sedan 2010 har den ideella f\u00f6reningen Holm\u00f6 Sommarteater visat f\u00f6rest\u00e4llningar p\u00e5 Holm\u00f6n antingen vid f\u00f6reningens scen i Byviken eller vid Hembygdsf\u00f6reningens scen vid Holm\u00f6g\u00e5rden. Vi har \u00e4ven vid n\u00e5gra tillf\u00e4llen \u00e4ven spelat v\u00e5ra sommarf\u00f6rest\u00e4llningar i Krypedalen i S\u00e4var. Men ocks\u00e5 extra f\u00f6rest\u00e4llningar under h\u00f6sten i S\u00e4var gymnastikhall eller Q-ben vid Storsj\u00f6hallen i Holmsund.<\/p>\n\n\n\n<p>Under m\u00e5nga \u00e5r har det varit nyskrivna alster av Alexander Fahlander. Under senare \u00e5r har det varit Tarja Lindkvist som varit manusf\u00f6rfattare. Manusen \u00e4r en blandning mellan fantasi och verklighet och h\u00e4ndelsef\u00f6rloppen utspelar sig alltid p\u00e5 Holm\u00f6n.<\/p>\n\n\n\n<p>H\u00e4r nedan lite bilder fr\u00e5n olika f\u00f6rest\u00e4llningar<\/p>\n\n\n<div class=\"wp-block-image\">\n<figure class=\"alignleft size-full is-resized\"><img loading=\"lazy\" decoding=\"async\" width=\"200\" height=\"133\" src=\"http:\/\/www.holmon.se\/sommarteater\/wp-content\/uploads\/sites\/5\/2021\/06\/Flyglarm3.jpg\" alt=\"\" class=\"wp-image-123\" style=\"width:250px;height:150px\"\/><figcaption class=\"wp-element-caption\">Flyglarm<\/figcaption><\/figure>\n<\/div>\n\n<div class=\"wp-block-image\">\n<figure class=\"alignright size-large is-resized\"><img loading=\"lazy\" decoding=\"async\" width=\"345\" height=\"274\" src=\"http:\/\/www.holmon.se\/sommarteater\/wp-content\/uploads\/sites\/5\/2021\/06\/Soldater2.jpg\" alt=\"\" class=\"wp-image-128\" style=\"width:259px;height:206px\" srcset=\"https:\/\/www.holmon.se\/sommarteater\/wp-content\/uploads\/sites\/5\/2021\/06\/Soldater2.jpg 345w, https:\/\/www.holmon.se\/sommarteater\/wp-content\/uploads\/sites\/5\/2021\/06\/Soldater2-300x238.jpg 300w\" sizes=\"auto, (max-width: 345px) 100vw, 345px\" \/><figcaption class=\"wp-element-caption\">Soldater i Holm\u00f6skr\u00f6na<\/figcaption><\/figure>\n<\/div>\n\n\n<figure class=\"wp-block-image size-large\"><img loading=\"lazy\" decoding=\"async\" width=\"960\" height=\"678\" src=\"http:\/\/www.holmon.se\/sommarteater\/wp-content\/uploads\/sites\/5\/2021\/06\/Holmoskrona.jpg\" alt=\"\" class=\"wp-image-126\" srcset=\"https:\/\/www.holmon.se\/sommarteater\/wp-content\/uploads\/sites\/5\/2021\/06\/Holmoskrona.jpg 960w, https:\/\/www.holmon.se\/sommarteater\/wp-content\/uploads\/sites\/5\/2021\/06\/Holmoskrona-300x212.jpg 300w, https:\/\/www.holmon.se\/sommarteater\/wp-content\/uploads\/sites\/5\/2021\/06\/Holmoskrona-768x542.jpg 768w\" sizes=\"auto, (max-width: 960px) 100vw, 960px\" \/><figcaption class=\"wp-element-caption\">Progarmblad Holm\u00f6skr\u00f6na<\/figcaption><\/figure>\n\n\n<div class=\"wp-block-image\">\n<figure class=\"alignleft size-medium is-resized\"><img loading=\"lazy\" decoding=\"async\" width=\"300\" height=\"225\" src=\"http:\/\/www.holmon.se\/sommarteater\/wp-content\/uploads\/sites\/5\/2021\/06\/musikanter-300x225.jpg\" alt=\"\" class=\"wp-image-127\" style=\"width:225px;height:169px\" srcset=\"https:\/\/www.holmon.se\/sommarteater\/wp-content\/uploads\/sites\/5\/2021\/06\/musikanter-300x225.jpg 300w, https:\/\/www.holmon.se\/sommarteater\/wp-content\/uploads\/sites\/5\/2021\/06\/musikanter.jpg 365w\" sizes=\"auto, (max-width: 300px) 100vw, 300px\" \/><figcaption class=\"wp-element-caption\">Musikanter<\/figcaption><\/figure>\n<\/div>\n\n<div class=\"wp-block-image\">\n<figure class=\"alignright size-full\"><img loading=\"lazy\" decoding=\"async\" width=\"274\" height=\"184\" src=\"http:\/\/www.holmon.se\/sommarteater\/wp-content\/uploads\/sites\/5\/2021\/06\/krypedalen_scen.jpg\" alt=\"\" class=\"wp-image-129\"\/><figcaption class=\"wp-element-caption\">F\u00f6rest\u00e4llning i Krypedalen, S\u00e4var<\/figcaption><\/figure>\n<\/div>","protected":false},"excerpt":{"rendered":"<p>Varje sommar sedan 2010 har den ideella f\u00f6reningen Holm\u00f6 Sommarteater visat f\u00f6rest\u00e4llningar p\u00e5 Holm\u00f6n antingen vid f\u00f6reningens scen i Byviken eller vid Hembygdsf\u00f6reningens scen vid Holm\u00f6g\u00e5rden. Vi har \u00e4ven vid n\u00e5gra tillf\u00e4llen \u00e4ven spelat v\u00e5ra sommarf\u00f6rest\u00e4llningar i Krypedalen i S\u00e4var. Men ocks\u00e5 extra f\u00f6rest\u00e4llningar under h\u00f6sten i S\u00e4var gymnastikhall eller Q-ben vid Storsj\u00f6hallen i Holmsund. &hellip; <a href=\"https:\/\/www.holmon.se\/sommarteater\/valkommen\/\" class=\"more-link\">Forts\u00e4tt l\u00e4sa <span class=\"screen-reader-text\">Om oss<\/span> <span class=\"meta-nav\">&rarr;<\/span><\/a><\/p>\n","protected":false},"author":3,"featured_media":124,"parent":0,"menu_order":0,"comment_status":"closed","ping_status":"closed","template":"","meta":{"footnotes":""},"class_list":["post-8","page","type-page","status-publish","has-post-thumbnail","hentry"],"_links":{"self":[{"href":"https:\/\/www.holmon.se\/sommarteater\/wp-json\/wp\/v2\/pages\/8","targetHints":{"allow":["GET"]}}],"collection":[{"href":"https:\/\/www.holmon.se\/sommarteater\/wp-json\/wp\/v2\/pages"}],"about":[{"href":"https:\/\/www.holmon.se\/sommarteater\/wp-json\/wp\/v2\/types\/page"}],"author":[{"embeddable":true,"href":"https:\/\/www.holmon.se\/sommarteater\/wp-json\/wp\/v2\/users\/3"}],"replies":[{"embeddable":true,"href":"https:\/\/www.holmon.se\/sommarteater\/wp-json\/wp\/v2\/comments?post=8"}],"version-history":[{"count":9,"href":"https:\/\/www.holmon.se\/sommarteater\/wp-json\/wp\/v2\/pages\/8\/revisions"}],"predecessor-version":[{"id":555,"href":"https:\/\/www.holmon.se\/sommarteater\/wp-json\/wp\/v2\/pages\/8\/revisions\/555"}],"wp:featuredmedia":[{"embeddable":true,"href":"https:\/\/www.holmon.se\/sommarteater\/wp-json\/wp\/v2\/media\/124"}],"wp:attachment":[{"href":"https:\/\/www.holmon.se\/sommarteater\/wp-json\/wp\/v2\/media?parent=8"}],"curies":[{"name":"wp","href":"https:\/\/api.w.org\/{rel}","templated":true}]}}