{"id":476,"date":"2024-05-23T14:40:36","date_gmt":"2024-05-23T12:40:36","guid":{"rendered":"http:\/\/www.holmon.se\/sommarteater\/?page_id=476"},"modified":"2025-04-04T18:06:07","modified_gmt":"2025-04-04T16:06:07","slug":"historik","status":"publish","type":"page","link":"https:\/\/www.holmon.se\/sommarteater\/valkommen\/historik\/","title":{"rendered":"Historik"},"content":{"rendered":"\n<p>Sedan 2010 har den ideella f\u00f6reningen Holm\u00f6 Sommarteater visat f\u00f6rest\u00e4llningar p\u00e5 Holm\u00f6n antingen vid f\u00f6reningens scen i Byviken eller vid Hembygdsf\u00f6reningens scen vid Holm\u00f6g\u00e5rden.<\/p>\n\n\n\n<h2 class=\"wp-block-heading\">F\u00f6rest\u00e4llning 2024 <\/h2>\n\n\n\n<h3 class=\"wp-block-heading has-text-align-center\">Tjockare \u00e4n vatten<\/h3>\n\n\n\n<figure class=\"wp-block-image size-full\"><img loading=\"lazy\" decoding=\"async\" width=\"960\" height=\"961\" src=\"http:\/\/www.holmon.se\/sommarteater\/wp-content\/uploads\/sites\/5\/2024\/05\/442411525_844382877732575_4557649387351564803_n.jpg\" alt=\"\" class=\"wp-image-479\" srcset=\"https:\/\/www.holmon.se\/sommarteater\/wp-content\/uploads\/sites\/5\/2024\/05\/442411525_844382877732575_4557649387351564803_n.jpg 960w, https:\/\/www.holmon.se\/sommarteater\/wp-content\/uploads\/sites\/5\/2024\/05\/442411525_844382877732575_4557649387351564803_n-300x300.jpg 300w, https:\/\/www.holmon.se\/sommarteater\/wp-content\/uploads\/sites\/5\/2024\/05\/442411525_844382877732575_4557649387351564803_n-150x150.jpg 150w, https:\/\/www.holmon.se\/sommarteater\/wp-content\/uploads\/sites\/5\/2024\/05\/442411525_844382877732575_4557649387351564803_n-768x769.jpg 768w\" sizes=\"auto, (max-width: 960px) 100vw, 960px\" \/><\/figure>\n\n\n\n<p class=\"has-text-align-center\">Manus av Tarja Lindkvist och regi av Nina Simm<\/p>\n\n\n<div class=\"wp-block-image\">\n<figure class=\"alignright size-medium\"><img loading=\"lazy\" decoding=\"async\" width=\"300\" height=\"225\" src=\"https:\/\/www.holmon.se\/sommarteater\/wp-content\/uploads\/sites\/5\/2025\/04\/Genrep_449741600_872757471561782_8751869346142563259_n-300x225.jpg\" alt=\"\" class=\"wp-image-574\" srcset=\"https:\/\/www.holmon.se\/sommarteater\/wp-content\/uploads\/sites\/5\/2025\/04\/Genrep_449741600_872757471561782_8751869346142563259_n-300x225.jpg 300w, https:\/\/www.holmon.se\/sommarteater\/wp-content\/uploads\/sites\/5\/2025\/04\/Genrep_449741600_872757471561782_8751869346142563259_n.jpg 600w\" sizes=\"auto, (max-width: 300px) 100vw, 300px\" \/><\/figure>\n<\/div>\n\n\n<p>Sommaren \u00e4r i ant\u00e5gande med l\u00e4ngtan om sol, bad och lata dagar f\u00f6r m\u00e5nga men f\u00f6r en del \u00e4r det b\u00f6rjan p\u00e5 h\u00f6gs\u00e4songen. Byns aff\u00e4r har med gemensamma krafter flyttats in i den helt nybyggda lokalen i Byviken. Aff\u00e4rens f\u00f6rest\u00e5ndare Inger har br\u00e5da dagar f\u00f6r att hinna f\u00f6rbereda allt inf\u00f6r den stundande invigningen och mycket arbete \u00e5terst\u00e5r. <\/p>\n\n\n<div class=\"wp-block-image\">\n<figure class=\"alignleft size-medium\"><img loading=\"lazy\" decoding=\"async\" width=\"300\" height=\"225\" src=\"https:\/\/www.holmon.se\/sommarteater\/wp-content\/uploads\/sites\/5\/2025\/04\/449632796_871660571671472_2343928734146402606_n-300x225.jpg\" alt=\"\" class=\"wp-image-573\" srcset=\"https:\/\/www.holmon.se\/sommarteater\/wp-content\/uploads\/sites\/5\/2025\/04\/449632796_871660571671472_2343928734146402606_n-300x225.jpg 300w, https:\/\/www.holmon.se\/sommarteater\/wp-content\/uploads\/sites\/5\/2025\/04\/449632796_871660571671472_2343928734146402606_n-1024x768.jpg 1024w, https:\/\/www.holmon.se\/sommarteater\/wp-content\/uploads\/sites\/5\/2025\/04\/449632796_871660571671472_2343928734146402606_n-768x576.jpg 768w, https:\/\/www.holmon.se\/sommarteater\/wp-content\/uploads\/sites\/5\/2025\/04\/449632796_871660571671472_2343928734146402606_n-1536x1152.jpg 1536w, https:\/\/www.holmon.se\/sommarteater\/wp-content\/uploads\/sites\/5\/2025\/04\/449632796_871660571671472_2343928734146402606_n.jpg 2048w\" sizes=\"auto, (max-width: 300px) 100vw, 300px\" \/><\/figure>\n<\/div>\n\n\n<p>Till sin hj\u00e4lp har hon globetrottern Ida, som sommarjobbar p\u00e5 aff\u00e4r\u00b4n f\u00f6r att spara ihop till en reskassa inf\u00f6r n\u00e4sta resa. Sommarjobbet passar henne perfekt, det inneb\u00e4r gratis boende hemma hos f\u00f6r\u00e4ldrarna Annika och Tomas och tid att umg\u00e5s med barndomsv\u00e4nnen Filip som ocks\u00e5 \u00e4r hemma p\u00e5 \u00f6n f\u00f6r sommaren.<br>Marianne kommer till \u00f6n tillsammans med sonen Anton f\u00f6r att njuta av sommaren, eller har hon ett helt annat \u00e4rende till Holm\u00f6n?<\/p>\n\n\n<div class=\"wp-block-image\">\n<figure class=\"alignright size-medium\"><img loading=\"lazy\" decoding=\"async\" width=\"300\" height=\"300\" src=\"https:\/\/www.holmon.se\/sommarteater\/wp-content\/uploads\/sites\/5\/2025\/04\/Genrep2_449768345_872757448228451_2458975757196909495_n-300x300.jpg\" alt=\"\" class=\"wp-image-575\" srcset=\"https:\/\/www.holmon.se\/sommarteater\/wp-content\/uploads\/sites\/5\/2025\/04\/Genrep2_449768345_872757448228451_2458975757196909495_n-300x300.jpg 300w, https:\/\/www.holmon.se\/sommarteater\/wp-content\/uploads\/sites\/5\/2025\/04\/Genrep2_449768345_872757448228451_2458975757196909495_n-150x150.jpg 150w, https:\/\/www.holmon.se\/sommarteater\/wp-content\/uploads\/sites\/5\/2025\/04\/Genrep2_449768345_872757448228451_2458975757196909495_n.jpg 600w\" sizes=\"auto, (max-width: 300px) 100vw, 300px\" \/><\/figure>\n<\/div>\n\n\n<p>\u00c5rets sommarteater handlar om familj, v\u00e4nskap och missf\u00f6rst\u00e5nd. Det blir en del f\u00f6rvecklingar och dolda planer, gamla och nya v\u00e4nner, djupa f\u00f6rhoppningar och en hel del humor. Vad \u00e4r sant och vad \u00e4r det man vill ska vara sant? \u00c4r blod tjockare \u00e4n vatten?<\/p>\n\n\n\n<h2 class=\"wp-block-heading\">F\u00f6rest\u00e4llning 2023<\/h2>\n\n\n\n<figure class=\"wp-block-image\"><img loading=\"lazy\" decoding=\"async\" width=\"1024\" height=\"1005\" src=\"http:\/\/www.holmon.se\/sommarteater\/wp-content\/uploads\/sites\/5\/2023\/05\/Effekt_Pa_Nastan-1-1024x1005.jpg\" alt=\"\" class=\"wp-image-357\" srcset=\"https:\/\/www.holmon.se\/sommarteater\/wp-content\/uploads\/sites\/5\/2023\/05\/Effekt_Pa_Nastan-1-1024x1005.jpg 1024w, https:\/\/www.holmon.se\/sommarteater\/wp-content\/uploads\/sites\/5\/2023\/05\/Effekt_Pa_Nastan-1-300x294.jpg 300w, https:\/\/www.holmon.se\/sommarteater\/wp-content\/uploads\/sites\/5\/2023\/05\/Effekt_Pa_Nastan-1-768x754.jpg 768w, https:\/\/www.holmon.se\/sommarteater\/wp-content\/uploads\/sites\/5\/2023\/05\/Effekt_Pa_Nastan-1-1536x1507.jpg 1536w, https:\/\/www.holmon.se\/sommarteater\/wp-content\/uploads\/sites\/5\/2023\/05\/Effekt_Pa_Nastan-1-2048x2010.jpg 2048w\" sizes=\"auto, (max-width: 1024px) 100vw, 1024px\" \/><\/figure>\n\n\n\n<h2 class=\"wp-block-heading has-text-align-center\" id=\"mer-info-kommer-senare\">I K\u00d6LVATTNET AV ETT MORD<\/h2>\n\n\n\n<p class=\"has-text-align-center\">Manus: Alexander Fahlander<br>Regi: Nina Simm<\/p>\n\n\n<div class=\"wp-block-image\">\n<figure class=\"alignright\"><img loading=\"lazy\" decoding=\"async\" width=\"300\" height=\"294\" src=\"http:\/\/www.holmon.se\/sommarteater\/wp-content\/uploads\/sites\/5\/2023\/05\/bild-fyrkant-300x294.jpg\" alt=\"\" class=\"wp-image-356\" srcset=\"https:\/\/www.holmon.se\/sommarteater\/wp-content\/uploads\/sites\/5\/2023\/05\/bild-fyrkant-300x294.jpg 300w, https:\/\/www.holmon.se\/sommarteater\/wp-content\/uploads\/sites\/5\/2023\/05\/bild-fyrkant-768x754.jpg 768w, https:\/\/www.holmon.se\/sommarteater\/wp-content\/uploads\/sites\/5\/2023\/05\/bild-fyrkant.jpg 1024w\" sizes=\"auto, (max-width: 300px) 100vw, 300px\" \/><\/figure>\n<\/div>\n\n\n<p>Upplev sommar + teater p\u00e5 Sveriges soligaste \u00f6!<\/p>\n\n\n\n<p>Vad h\u00e4nde sen?<\/p>\n\n\n\n<p>De flesta deckare och mordg\u00e5tor slutar med en sp\u00e4nnande uppl\u00f6sning och avsl\u00f6jande av den skyldige men i sommarens f\u00f6rest\u00e4llning f\u00e5r vi veta vad som h\u00e4nde sen. \u00c5rets pj\u00e4s \u00e4r en frist\u00e5ende forts\u00e4ttning om livet p\u00e5 Holm\u00f6n i mitten av 1900-talet och bjuder p\u00e5 gamla of\u00f6rr\u00e4tter, skuld och f\u00f6rl\u00e5telse, pengar och makt, allt som h\u00f6r en sommarteater till!<\/p>\n\n\n<div class=\"wp-block-image\">\n<figure class=\"alignleft\"><img loading=\"lazy\" decoding=\"async\" width=\"300\" height=\"232\" src=\"http:\/\/www.holmon.se\/sommarteater\/wp-content\/uploads\/sites\/5\/2023\/05\/turisten-300x232.jpg\" alt=\"\" class=\"wp-image-364\" srcset=\"https:\/\/www.holmon.se\/sommarteater\/wp-content\/uploads\/sites\/5\/2023\/05\/turisten-300x232.jpg 300w, https:\/\/www.holmon.se\/sommarteater\/wp-content\/uploads\/sites\/5\/2023\/05\/turisten-1024x793.jpg 1024w, https:\/\/www.holmon.se\/sommarteater\/wp-content\/uploads\/sites\/5\/2023\/05\/turisten-768x595.jpg 768w, https:\/\/www.holmon.se\/sommarteater\/wp-content\/uploads\/sites\/5\/2023\/05\/turisten.jpg 1210w\" sizes=\"auto, (max-width: 300px) 100vw, 300px\" \/><\/figure>\n<\/div>\n\n\n<p>F\u00f6r ett sekel sedan skakades Holm\u00f6n och hela Ume\u00e5 med omnejd, av mordet p\u00e5 Brukspatron Oskar Gran ombord p\u00e5 Holm\u00f6f\u00e4rjan Turisten. Livet p\u00e5 \u00f6n har sakta \u00e5terg\u00e5tt till det vanliga, n\u00e4stan. Sedan n\u00e5gra \u00e5r finns ett helt nytt etablissemang p\u00e5 \u00f6n; Hedmans Caf\u00e9 och pensionat, i folkmun kallat Panget. F\u00f6rra sommarens f\u00f6rest\u00e4llning slutade med att den skyldiga f\u00e4ngslades, ov\u00e4ntade arv avsl\u00f6jades och nya v\u00e4nskapsband kn\u00f6ts.<\/p>\n\n\n\n<p>I sommarens pj\u00e4s f\u00e5r publiken \u00e5ter m\u00f6ta Holm\u00f6borna Olivia och G\u00f6sta Hedman, Pastor Almgren och Cecilia Sandstr\u00f6m. Systrarna Lovisa och Agnes Gran dyker upp n\u00e4r man minst anar det men ocks\u00e5 helt nya bekantskaper.<\/p>\n\n\n\n<p>F\u00f6rest\u00e4llningen tar ca 2 tim 15 min inklusive paus d\u00e5 vi bjuder p\u00e5 fika.<\/p>\n\n\n\n<h2 class=\"wp-block-heading\">F\u00f6rest\u00e4llning 2022<\/h2>\n\n\n\n<figure class=\"wp-block-image size-full\"><img loading=\"lazy\" decoding=\"async\" width=\"640\" height=\"511\" src=\"http:\/\/www.holmon.se\/sommarteater\/wp-content\/uploads\/sites\/5\/2024\/05\/311869017_5888934924450115_9008148079881976660_n.jpg\" alt=\"\" class=\"wp-image-483\" srcset=\"https:\/\/www.holmon.se\/sommarteater\/wp-content\/uploads\/sites\/5\/2024\/05\/311869017_5888934924450115_9008148079881976660_n.jpg 640w, https:\/\/www.holmon.se\/sommarteater\/wp-content\/uploads\/sites\/5\/2024\/05\/311869017_5888934924450115_9008148079881976660_n-300x240.jpg 300w\" sizes=\"auto, (max-width: 640px) 100vw, 640px\" \/><\/figure>\n\n\n\n<p class=\"has-text-align-center\">Manus: Alexander Fahlander<br>Regi: Nina Simm<\/p>\n\n\n<div class=\"wp-block-image\">\n<figure class=\"aligncenter size-full\"><img loading=\"lazy\" decoding=\"async\" width=\"600\" height=\"600\" src=\"http:\/\/www.holmon.se\/sommarteater\/wp-content\/uploads\/sites\/5\/2024\/05\/293841161_5598418210168456_6983843055766177088_n.jpg\" alt=\"\" class=\"wp-image-484\" srcset=\"https:\/\/www.holmon.se\/sommarteater\/wp-content\/uploads\/sites\/5\/2024\/05\/293841161_5598418210168456_6983843055766177088_n.jpg 600w, https:\/\/www.holmon.se\/sommarteater\/wp-content\/uploads\/sites\/5\/2024\/05\/293841161_5598418210168456_6983843055766177088_n-300x300.jpg 300w, https:\/\/www.holmon.se\/sommarteater\/wp-content\/uploads\/sites\/5\/2024\/05\/293841161_5598418210168456_6983843055766177088_n-150x150.jpg 150w\" sizes=\"auto, (max-width: 600px) 100vw, 600px\" \/><\/figure>\n<\/div>\n\n<div class=\"wp-block-image\">\n<figure class=\"aligncenter size-full\"><img loading=\"lazy\" decoding=\"async\" width=\"600\" height=\"600\" src=\"http:\/\/www.holmon.se\/sommarteater\/wp-content\/uploads\/sites\/5\/2024\/05\/292479069_5598418493501761_3947660472905830888_n.jpg\" alt=\"\" class=\"wp-image-485\" srcset=\"https:\/\/www.holmon.se\/sommarteater\/wp-content\/uploads\/sites\/5\/2024\/05\/292479069_5598418493501761_3947660472905830888_n.jpg 600w, https:\/\/www.holmon.se\/sommarteater\/wp-content\/uploads\/sites\/5\/2024\/05\/292479069_5598418493501761_3947660472905830888_n-300x300.jpg 300w, https:\/\/www.holmon.se\/sommarteater\/wp-content\/uploads\/sites\/5\/2024\/05\/292479069_5598418493501761_3947660472905830888_n-150x150.jpg 150w\" sizes=\"auto, (max-width: 600px) 100vw, 600px\" \/><\/figure>\n<\/div>\n\n<div class=\"wp-block-image\">\n<figure class=\"aligncenter size-full\"><img loading=\"lazy\" decoding=\"async\" width=\"600\" height=\"600\" src=\"http:\/\/www.holmon.se\/sommarteater\/wp-content\/uploads\/sites\/5\/2024\/05\/292301255_5598418620168415_2083227087513795475_n.jpg\" alt=\"\" class=\"wp-image-486\" srcset=\"https:\/\/www.holmon.se\/sommarteater\/wp-content\/uploads\/sites\/5\/2024\/05\/292301255_5598418620168415_2083227087513795475_n.jpg 600w, https:\/\/www.holmon.se\/sommarteater\/wp-content\/uploads\/sites\/5\/2024\/05\/292301255_5598418620168415_2083227087513795475_n-300x300.jpg 300w, https:\/\/www.holmon.se\/sommarteater\/wp-content\/uploads\/sites\/5\/2024\/05\/292301255_5598418620168415_2083227087513795475_n-150x150.jpg 150w\" sizes=\"auto, (max-width: 600px) 100vw, 600px\" \/><\/figure>\n<\/div>\n\n\n<h2 class=\"wp-block-heading\">F\u00f6rest\u00e4llning 2021<\/h2>\n\n\n\n<figure class=\"wp-block-image size-full is-resized\"><img loading=\"lazy\" decoding=\"async\" width=\"526\" height=\"526\" src=\"http:\/\/www.holmon.se\/sommarteater\/wp-content\/uploads\/sites\/5\/2024\/05\/202887895_4396780390332250_1912906127432260786_n.jpg\" alt=\"\" class=\"wp-image-492\" style=\"width:632px;height:auto\" srcset=\"https:\/\/www.holmon.se\/sommarteater\/wp-content\/uploads\/sites\/5\/2024\/05\/202887895_4396780390332250_1912906127432260786_n.jpg 526w, https:\/\/www.holmon.se\/sommarteater\/wp-content\/uploads\/sites\/5\/2024\/05\/202887895_4396780390332250_1912906127432260786_n-300x300.jpg 300w, https:\/\/www.holmon.se\/sommarteater\/wp-content\/uploads\/sites\/5\/2024\/05\/202887895_4396780390332250_1912906127432260786_n-150x150.jpg 150w\" sizes=\"auto, (max-width: 526px) 100vw, 526px\" \/><\/figure>\n\n\n\n<p class=\"has-text-align-center\">Manus: Alexander Fahlander<br>Regi: Nina Simm<\/p>\n\n\n\n<figure class=\"wp-block-image size-full\"><img loading=\"lazy\" decoding=\"async\" width=\"960\" height=\"540\" src=\"http:\/\/www.holmon.se\/sommarteater\/wp-content\/uploads\/sites\/5\/2024\/05\/217651056_4464896726853949_4041203074416972012_n.jpg\" alt=\"\" class=\"wp-image-493\" srcset=\"https:\/\/www.holmon.se\/sommarteater\/wp-content\/uploads\/sites\/5\/2024\/05\/217651056_4464896726853949_4041203074416972012_n.jpg 960w, https:\/\/www.holmon.se\/sommarteater\/wp-content\/uploads\/sites\/5\/2024\/05\/217651056_4464896726853949_4041203074416972012_n-300x169.jpg 300w, https:\/\/www.holmon.se\/sommarteater\/wp-content\/uploads\/sites\/5\/2024\/05\/217651056_4464896726853949_4041203074416972012_n-768x432.jpg 768w\" sizes=\"auto, (max-width: 960px) 100vw, 960px\" \/><\/figure>\n\n\n\n<figure class=\"wp-block-image size-full is-resized\"><img loading=\"lazy\" decoding=\"async\" width=\"526\" height=\"946\" src=\"http:\/\/www.holmon.se\/sommarteater\/wp-content\/uploads\/sites\/5\/2024\/05\/218410578_4470707289606226_8305287988543594325_n.jpg\" alt=\"\" class=\"wp-image-494\" style=\"width:631px;height:auto\" srcset=\"https:\/\/www.holmon.se\/sommarteater\/wp-content\/uploads\/sites\/5\/2024\/05\/218410578_4470707289606226_8305287988543594325_n.jpg 526w, https:\/\/www.holmon.se\/sommarteater\/wp-content\/uploads\/sites\/5\/2024\/05\/218410578_4470707289606226_8305287988543594325_n-167x300.jpg 167w\" sizes=\"auto, (max-width: 526px) 100vw, 526px\" \/><\/figure>\n\n\n\n<h2 class=\"wp-block-heading\">F\u00f6rest\u00e4llning 2020<\/h2>\n\n\n\n<figure class=\"wp-block-image size-large\"><img loading=\"lazy\" decoding=\"async\" width=\"576\" height=\"1024\" src=\"http:\/\/www.holmon.se\/sommarteater\/wp-content\/uploads\/sites\/5\/2024\/05\/106934689_3381840261826273_3114754822569343944_n-576x1024.jpg\" alt=\"\" class=\"wp-image-495\" srcset=\"https:\/\/www.holmon.se\/sommarteater\/wp-content\/uploads\/sites\/5\/2024\/05\/106934689_3381840261826273_3114754822569343944_n-576x1024.jpg 576w, https:\/\/www.holmon.se\/sommarteater\/wp-content\/uploads\/sites\/5\/2024\/05\/106934689_3381840261826273_3114754822569343944_n-169x300.jpg 169w, https:\/\/www.holmon.se\/sommarteater\/wp-content\/uploads\/sites\/5\/2024\/05\/106934689_3381840261826273_3114754822569343944_n-768x1365.jpg 768w, https:\/\/www.holmon.se\/sommarteater\/wp-content\/uploads\/sites\/5\/2024\/05\/106934689_3381840261826273_3114754822569343944_n-864x1536.jpg 864w, https:\/\/www.holmon.se\/sommarteater\/wp-content\/uploads\/sites\/5\/2024\/05\/106934689_3381840261826273_3114754822569343944_n.jpg 918w\" sizes=\"auto, (max-width: 576px) 100vw, 576px\" \/><\/figure>\n\n\n\n<p class=\"has-text-align-center\">Manus: Alexander Fahlander<br>Regi: Tarja Lindkvist<\/p>\n\n\n\n<figure class=\"wp-block-image size-full is-resized\"><img loading=\"lazy\" decoding=\"async\" width=\"450\" height=\"600\" src=\"http:\/\/www.holmon.se\/sommarteater\/wp-content\/uploads\/sites\/5\/2024\/05\/106505166_3371902972820002_3346810480040241596_n.jpg\" alt=\"\" class=\"wp-image-497\" style=\"width:628px;height:auto\" srcset=\"https:\/\/www.holmon.se\/sommarteater\/wp-content\/uploads\/sites\/5\/2024\/05\/106505166_3371902972820002_3346810480040241596_n.jpg 450w, https:\/\/www.holmon.se\/sommarteater\/wp-content\/uploads\/sites\/5\/2024\/05\/106505166_3371902972820002_3346810480040241596_n-225x300.jpg 225w\" sizes=\"auto, (max-width: 450px) 100vw, 450px\" \/><\/figure>\n\n\n\n<figure class=\"wp-block-image size-full\"><img loading=\"lazy\" decoding=\"async\" width=\"600\" height=\"450\" src=\"http:\/\/www.holmon.se\/sommarteater\/wp-content\/uploads\/sites\/5\/2024\/05\/106085083_3371903002819999_1022204387616150134_n.jpg\" alt=\"\" class=\"wp-image-496\" srcset=\"https:\/\/www.holmon.se\/sommarteater\/wp-content\/uploads\/sites\/5\/2024\/05\/106085083_3371903002819999_1022204387616150134_n.jpg 600w, https:\/\/www.holmon.se\/sommarteater\/wp-content\/uploads\/sites\/5\/2024\/05\/106085083_3371903002819999_1022204387616150134_n-300x225.jpg 300w\" sizes=\"auto, (max-width: 600px) 100vw, 600px\" \/><\/figure>\n\n\n\n<h2 class=\"wp-block-heading\">\u00c4ldre dokumentation <\/h2>\n\n\n\n<p>Fr\u00e5n 2019 och tidigare finns dokumentation om Holm\u00f6 Sommarteater p\u00e5 gamla Holm\u00f6portalen. <\/p>\n\n\n\n<p><a href=\"http:\/\/www.holmon.se\/holmon-com\/sommarteater\/index.html\" target=\"_blank\" rel=\"noreferrer noopener\">L\u00e4s mer<\/a><\/p>\n","protected":false},"excerpt":{"rendered":"<p>Sedan 2010 har den ideella f\u00f6reningen Holm\u00f6 Sommarteater visat f\u00f6rest\u00e4llningar p\u00e5 Holm\u00f6n antingen vid f\u00f6reningens scen i Byviken eller vid Hembygdsf\u00f6reningens scen vid Holm\u00f6g\u00e5rden. F\u00f6rest\u00e4llning 2024 Tjockare \u00e4n vatten Manus av Tarja Lindkvist och regi av Nina Simm Sommaren \u00e4r i ant\u00e5gande med l\u00e4ngtan om sol, bad och lata dagar f\u00f6r m\u00e5nga men f\u00f6r en &hellip; <a href=\"https:\/\/www.holmon.se\/sommarteater\/valkommen\/historik\/\" class=\"more-link\">Forts\u00e4tt l\u00e4sa <span class=\"screen-reader-text\">Historik<\/span> <span class=\"meta-nav\">&rarr;<\/span><\/a><\/p>\n","protected":false},"author":3,"featured_media":0,"parent":8,"menu_order":0,"comment_status":"closed","ping_status":"closed","template":"","meta":{"footnotes":""},"class_list":["post-476","page","type-page","status-publish","hentry"],"_links":{"self":[{"href":"https:\/\/www.holmon.se\/sommarteater\/wp-json\/wp\/v2\/pages\/476","targetHints":{"allow":["GET"]}}],"collection":[{"href":"https:\/\/www.holmon.se\/sommarteater\/wp-json\/wp\/v2\/pages"}],"about":[{"href":"https:\/\/www.holmon.se\/sommarteater\/wp-json\/wp\/v2\/types\/page"}],"author":[{"embeddable":true,"href":"https:\/\/www.holmon.se\/sommarteater\/wp-json\/wp\/v2\/users\/3"}],"replies":[{"embeddable":true,"href":"https:\/\/www.holmon.se\/sommarteater\/wp-json\/wp\/v2\/comments?post=476"}],"version-history":[{"count":6,"href":"https:\/\/www.holmon.se\/sommarteater\/wp-json\/wp\/v2\/pages\/476\/revisions"}],"predecessor-version":[{"id":578,"href":"https:\/\/www.holmon.se\/sommarteater\/wp-json\/wp\/v2\/pages\/476\/revisions\/578"}],"up":[{"embeddable":true,"href":"https:\/\/www.holmon.se\/sommarteater\/wp-json\/wp\/v2\/pages\/8"}],"wp:attachment":[{"href":"https:\/\/www.holmon.se\/sommarteater\/wp-json\/wp\/v2\/media?parent=476"}],"curies":[{"name":"wp","href":"https:\/\/api.w.org\/{rel}","templated":true}]}}