{"id":44,"date":"2021-05-14T11:51:25","date_gmt":"2021-05-14T09:51:25","guid":{"rendered":"http:\/\/www.holmon.se\/sommarteater\/?page_id=44"},"modified":"2025-04-23T15:56:35","modified_gmt":"2025-04-23T13:56:35","slug":"arets-teater","status":"publish","type":"page","link":"https:\/\/www.holmon.se\/sommarteater\/arets-teater\/","title":{"rendered":"Om \u00e5rets f\u00f6rest\u00e4llning"},"content":{"rendered":"\n<h2 class=\"wp-block-heading has-text-align-center\">\u00c5rets f\u00f6rest\u00e4llning<\/h2>\n\n\n<div class=\"wp-block-image\">\n<figure class=\"aligncenter size-medium\"><img loading=\"lazy\" decoding=\"async\" width=\"276\" height=\"300\" src=\"http:\/\/www.holmon.se\/sommarteater\/wp-content\/uploads\/sites\/5\/2025\/04\/740d009e-1c85-4281-9c60-b02ec9c8f81c-276x300.jpg\" alt=\"\" class=\"wp-image-583\" srcset=\"https:\/\/www.holmon.se\/sommarteater\/wp-content\/uploads\/sites\/5\/2025\/04\/740d009e-1c85-4281-9c60-b02ec9c8f81c-276x300.jpg 276w, https:\/\/www.holmon.se\/sommarteater\/wp-content\/uploads\/sites\/5\/2025\/04\/740d009e-1c85-4281-9c60-b02ec9c8f81c-944x1024.jpg 944w, https:\/\/www.holmon.se\/sommarteater\/wp-content\/uploads\/sites\/5\/2025\/04\/740d009e-1c85-4281-9c60-b02ec9c8f81c-768x834.jpg 768w, https:\/\/www.holmon.se\/sommarteater\/wp-content\/uploads\/sites\/5\/2025\/04\/740d009e-1c85-4281-9c60-b02ec9c8f81c-1415x1536.jpg 1415w, https:\/\/www.holmon.se\/sommarteater\/wp-content\/uploads\/sites\/5\/2025\/04\/740d009e-1c85-4281-9c60-b02ec9c8f81c.jpg 1887w\" sizes=\"auto, (max-width: 276px) 100vw, 276px\" \/><\/figure>\n<\/div>\n\n\n<h2 class=\"wp-block-heading has-text-align-center\">Festikval<\/h2>\n\n\n\n<p class=\"has-text-align-center\">Manus av Tarja Lindkvist och regi av Nina Simm<\/p>\n\n\n\n<p class=\"has-text-align-left\">\u00c5rets stora helg n\u00e4rmar sig och arrang\u00f6rerna har fullt upp inf\u00f6r de sista hektiska dagarna innan sommarens stora evenemang Festival Holm\u00f6n.<\/p>\n\n\n\n<p>Tyv\u00e4rr ser v\u00e4derprognosen inte bra ut inf\u00f6r stundande helg och gruppen m\u00e5ste rusta f\u00f6r regn och bl\u00e5st eller ska det bli n\u00e5gon festival alls?<\/p>\n\n\n\n<p>Med Barbro vid rodret k\u00e4mpar inte truppen bara mot v\u00e4dergudarna, st\u00e4mningen i gruppen \u00e4r anstr\u00e4ngd och graden av engagemang varierar bland gruppens medlemmar.<\/p>\n\n\n\n<p>I sommarens pj\u00e4s Festikval Holm\u00f6n m\u00f6ter vi en ambiti\u00f6s arrang\u00f6rsgrupp som leds av Barbro och som tillsammans med den sociala Ingrid och ih\u00e4rdiga Maj-Britt utg\u00f6r k\u00e4rntruppen f\u00f6r festivalen. Till sin hj\u00e4lp har dom Bengt som \u00e4r lika h\u00e4ndig som f\u00e5ordig och Emma som dr\u00f6mmer att st\u00e5 i rampljuset i st\u00e4llet f\u00f6r att jobba bakom kulisserna.<\/p>\n\n\n\n<p>F\u00f6rest\u00e4llningen bjuder p\u00e5 knaggliga familjerelationer, missf\u00f6rst\u00e5nd, h\u00f6ga insatser och en hel del humor och skratt.<\/p>\n\n\n\n<p>V\u00e4lkommen!<\/p>\n\n\n\n<p class=\"has-text-align-center\">Arrang\u00f6r Holm\u00f6 sommarteater\/Holm\u00f6ns Hembygdsf\u00f6rening<\/p>\n\n\n\n<p><\/p>\n","protected":false},"excerpt":{"rendered":"<p>\u00c5rets f\u00f6rest\u00e4llning Festikval Manus av Tarja Lindkvist och regi av Nina Simm \u00c5rets stora helg n\u00e4rmar sig och arrang\u00f6rerna har fullt upp inf\u00f6r de sista hektiska dagarna innan sommarens stora evenemang Festival Holm\u00f6n. Tyv\u00e4rr ser v\u00e4derprognosen inte bra ut inf\u00f6r stundande helg och gruppen m\u00e5ste rusta f\u00f6r regn och bl\u00e5st eller ska det bli n\u00e5gon &hellip; <a href=\"https:\/\/www.holmon.se\/sommarteater\/arets-teater\/\" class=\"more-link\">Forts\u00e4tt l\u00e4sa <span class=\"screen-reader-text\">Om \u00e5rets f\u00f6rest\u00e4llning<\/span> <span class=\"meta-nav\">&rarr;<\/span><\/a><\/p>\n","protected":false},"author":3,"featured_media":0,"parent":0,"menu_order":0,"comment_status":"closed","ping_status":"closed","template":"","meta":{"footnotes":""},"class_list":["post-44","page","type-page","status-publish","hentry"],"_links":{"self":[{"href":"https:\/\/www.holmon.se\/sommarteater\/wp-json\/wp\/v2\/pages\/44","targetHints":{"allow":["GET"]}}],"collection":[{"href":"https:\/\/www.holmon.se\/sommarteater\/wp-json\/wp\/v2\/pages"}],"about":[{"href":"https:\/\/www.holmon.se\/sommarteater\/wp-json\/wp\/v2\/types\/page"}],"author":[{"embeddable":true,"href":"https:\/\/www.holmon.se\/sommarteater\/wp-json\/wp\/v2\/users\/3"}],"replies":[{"embeddable":true,"href":"https:\/\/www.holmon.se\/sommarteater\/wp-json\/wp\/v2\/comments?post=44"}],"version-history":[{"count":21,"href":"https:\/\/www.holmon.se\/sommarteater\/wp-json\/wp\/v2\/pages\/44\/revisions"}],"predecessor-version":[{"id":595,"href":"https:\/\/www.holmon.se\/sommarteater\/wp-json\/wp\/v2\/pages\/44\/revisions\/595"}],"wp:attachment":[{"href":"https:\/\/www.holmon.se\/sommarteater\/wp-json\/wp\/v2\/media?parent=44"}],"curies":[{"name":"wp","href":"https:\/\/api.w.org\/{rel}","templated":true}]}}