{"id":38,"date":"2020-02-29T16:29:50","date_gmt":"2020-02-29T15:29:50","guid":{"rendered":"http:\/\/www.holmon.se\/postrodd\/?page_id=38"},"modified":"2020-04-17T16:15:38","modified_gmt":"2020-04-17T14:15:38","slug":"foreningens-batar","status":"publish","type":"page","link":"https:\/\/www.holmon.se\/postrodd\/foreningens-batar\/","title":{"rendered":"F\u00f6reningens b\u00e5tar"},"content":{"rendered":"\n<h2 class=\"wp-block-heading\">Dufvan<\/h2>\n\n\n\n<div class=\"wp-block-image\"><figure class=\"alignright size-medium\"><img loading=\"lazy\" decoding=\"async\" width=\"300\" height=\"225\" src=\"http:\/\/www.holmon.se\/postrodd\/wp-content\/uploads\/sites\/3\/2020\/02\/P6280220-1024x768-1-300x225.jpg\" alt=\"\" class=\"wp-image-41\" srcset=\"https:\/\/www.holmon.se\/postrodd\/wp-content\/uploads\/sites\/3\/2020\/02\/P6280220-1024x768-1-300x225.jpg 300w, https:\/\/www.holmon.se\/postrodd\/wp-content\/uploads\/sites\/3\/2020\/02\/P6280220-1024x768-1-768x576.jpg 768w, https:\/\/www.holmon.se\/postrodd\/wp-content\/uploads\/sites\/3\/2020\/02\/P6280220-1024x768-1.jpg 1024w\" sizes=\"auto, (max-width: 300px) 100vw, 300px\" \/><\/figure><\/div>\n\n\n\n<p>Tv\u00e5mastad sk\u00f6tb\u00e5t av Holm\u00f6typ <br>L\u00e4ngd 7,20 m, bredd 2,0 m <br>Sprisegel i dacron, 18 m<sup>2<\/sup>.  <br>Byggd 1984 av Bert Engman p\u00e5 Holm\u00f6n. <br>Dufvan \u00e4r den b\u00e5t f\u00f6reningens disponerat l\u00e4ngst. B\u00e5ten \u00e4r sedan flera \u00e5r pensionerad och deltar inte l\u00e4ngre i rodden <\/p>\n\n\n\n<p> <\/p>\n\n\n\n<h2 class=\"wp-block-heading\">Tj\u00e4rlek<\/h2>\n\n\n\n<div class=\"wp-block-image\"><figure class=\"alignright size-medium\"><img loading=\"lazy\" decoding=\"async\" width=\"300\" height=\"225\" src=\"http:\/\/www.holmon.se\/postrodd\/wp-content\/uploads\/sites\/3\/2020\/02\/DSCN0872-300x225.jpg\" alt=\"\" class=\"wp-image-39\" srcset=\"https:\/\/www.holmon.se\/postrodd\/wp-content\/uploads\/sites\/3\/2020\/02\/DSCN0872-300x225.jpg 300w, https:\/\/www.holmon.se\/postrodd\/wp-content\/uploads\/sites\/3\/2020\/02\/DSCN0872-1024x768.jpg 1024w, https:\/\/www.holmon.se\/postrodd\/wp-content\/uploads\/sites\/3\/2020\/02\/DSCN0872-768x576.jpg 768w, https:\/\/www.holmon.se\/postrodd\/wp-content\/uploads\/sites\/3\/2020\/02\/DSCN0872-1536x1152.jpg 1536w, https:\/\/www.holmon.se\/postrodd\/wp-content\/uploads\/sites\/3\/2020\/02\/DSCN0872-2048x1536.jpg 2048w\" sizes=\"auto, (max-width: 300px) 100vw, 300px\" \/><\/figure><\/div>\n\n\n\n<p>Tv\u00e5mastad sk\u00f6tb\u00e5t <br>L\u00e4ngd 7,4 m, bredd 1,95 m <br>Sprisegel i bomull, 18 m<sup>2<\/sup> <br>Delvis byggd vid b\u00e5tbyggarkurs p\u00e5 <br>Holm\u00f6n 1996 med kursledning av <br>Thomas Distler, som slutf\u00f6rde bygget.<br>Var fr\u00e5n b\u00f6rjan under m\u00e5nga \u00e5r en b\u00e5t med enbart kvinnlig bes\u00e4ttning. Idag normalt med mixad bes\u00e4ttning.<\/p>\n\n\n\n<h2 class=\"wp-block-heading\">Lommen<\/h2>\n\n\n\n<div class=\"wp-block-image\"><figure class=\"alignright size-medium\"><img loading=\"lazy\" decoding=\"async\" width=\"300\" height=\"225\" src=\"http:\/\/www.holmon.se\/postrodd\/wp-content\/uploads\/sites\/3\/2020\/02\/Lommen-300x225.jpg\" alt=\"\" class=\"wp-image-27\" srcset=\"https:\/\/www.holmon.se\/postrodd\/wp-content\/uploads\/sites\/3\/2020\/02\/Lommen-300x225.jpg 300w, https:\/\/www.holmon.se\/postrodd\/wp-content\/uploads\/sites\/3\/2020\/02\/Lommen-768x576.jpg 768w, https:\/\/www.holmon.se\/postrodd\/wp-content\/uploads\/sites\/3\/2020\/02\/Lommen.jpg 960w\" sizes=\"auto, (max-width: 300px) 100vw, 300px\" \/><\/figure><\/div>\n\n\n\n<p>Tv\u00e5mastad sk\u00f6tb\u00e5t <br>L\u00e4ngd 7,00 m, bredd 2,00 m <br>Sprisegel i polyester, 21 m<sup>2<\/sup> <br>Byggd 1988 av Holger Wincent i T\u00e4fte\u00e5.<br>Lommen \u00e4r f\u00f6reningens senaste <br>f\u00f6rv\u00e4rv och deltar numer i rodden <br>med en mixad bes\u00e4ttning.<\/p>\n","protected":false},"excerpt":{"rendered":"<p>Dufvan Tv\u00e5mastad sk\u00f6tb\u00e5t av Holm\u00f6typ L\u00e4ngd 7,20 m, bredd 2,0 m Sprisegel i dacron, 18 m2. Byggd 1984 av Bert Engman p\u00e5 Holm\u00f6n. Dufvan \u00e4r den b\u00e5t f\u00f6reningens disponerat l\u00e4ngst. B\u00e5ten \u00e4r sedan flera \u00e5r pensionerad och deltar inte l\u00e4ngre i rodden Tj\u00e4rlek Tv\u00e5mastad sk\u00f6tb\u00e5t L\u00e4ngd 7,4 m, bredd 1,95 m Sprisegel i bomull, 18 &hellip; <a href=\"https:\/\/www.holmon.se\/postrodd\/foreningens-batar\/\" class=\"more-link\">Forts\u00e4tt l\u00e4sa <span class=\"screen-reader-text\">F\u00f6reningens b\u00e5tar<\/span> <span class=\"meta-nav\">&rarr;<\/span><\/a><\/p>\n","protected":false},"author":3,"featured_media":0,"parent":0,"menu_order":0,"comment_status":"closed","ping_status":"closed","template":"","meta":{"footnotes":""},"class_list":["post-38","page","type-page","status-publish","hentry"],"_links":{"self":[{"href":"https:\/\/www.holmon.se\/postrodd\/wp-json\/wp\/v2\/pages\/38","targetHints":{"allow":["GET"]}}],"collection":[{"href":"https:\/\/www.holmon.se\/postrodd\/wp-json\/wp\/v2\/pages"}],"about":[{"href":"https:\/\/www.holmon.se\/postrodd\/wp-json\/wp\/v2\/types\/page"}],"author":[{"embeddable":true,"href":"https:\/\/www.holmon.se\/postrodd\/wp-json\/wp\/v2\/users\/3"}],"replies":[{"embeddable":true,"href":"https:\/\/www.holmon.se\/postrodd\/wp-json\/wp\/v2\/comments?post=38"}],"version-history":[{"count":3,"href":"https:\/\/www.holmon.se\/postrodd\/wp-json\/wp\/v2\/pages\/38\/revisions"}],"predecessor-version":[{"id":50,"href":"https:\/\/www.holmon.se\/postrodd\/wp-json\/wp\/v2\/pages\/38\/revisions\/50"}],"wp:attachment":[{"href":"https:\/\/www.holmon.se\/postrodd\/wp-json\/wp\/v2\/media?parent=38"}],"curies":[{"name":"wp","href":"https:\/\/api.w.org\/{rel}","templated":true}]}}