{"id":11,"date":"2020-02-29T15:38:43","date_gmt":"2020-02-29T14:38:43","guid":{"rendered":"http:\/\/www.holmon.se\/postrodd\/?page_id=11"},"modified":"2023-06-10T13:22:20","modified_gmt":"2023-06-10T11:22:20","slug":"om-postroddsforeningen","status":"publish","type":"page","link":"https:\/\/www.holmon.se\/postrodd\/om-postroddsforeningen\/","title":{"rendered":"Postroddsf\u00f6reningen"},"content":{"rendered":"\n<h2 class=\"wp-block-heading\">Om oss<\/h2>\n\n\n\n<p>Holm\u00f6ns Postroddsf\u00f6rening har sitt s\u00e4te p\u00e5 Holm\u00f6n och \u00e4r \u00f6ppen f\u00f6r alla med intresse f\u00f6r Postrodden \u00f6ver Kvarken. Medlemsskap f\u00e5r alla som erl\u00e4gger fastst\u00e4lld \u00e5rsavgift.&nbsp;En f\u00f6ruts\u00e4ttning f\u00f6r att f\u00e5 ro i en av f\u00f6reningens b\u00e5tar \u00e4r att man \u00e4r medlem i f\u00f6reningen. <\/p>\n\n\n<div class=\"wp-block-image\">\n<figure class=\"alignright size-medium\"><img loading=\"lazy\" decoding=\"async\" width=\"300\" height=\"225\" src=\"http:\/\/www.holmon.se\/postrodd\/wp-content\/uploads\/sites\/3\/2020\/02\/DSCN0725-300x225.jpg\" alt=\"\" class=\"wp-image-13\" srcset=\"https:\/\/www.holmon.se\/postrodd\/wp-content\/uploads\/sites\/3\/2020\/02\/DSCN0725-300x225.jpg 300w, https:\/\/www.holmon.se\/postrodd\/wp-content\/uploads\/sites\/3\/2020\/02\/DSCN0725-1024x768.jpg 1024w, https:\/\/www.holmon.se\/postrodd\/wp-content\/uploads\/sites\/3\/2020\/02\/DSCN0725-768x576.jpg 768w, https:\/\/www.holmon.se\/postrodd\/wp-content\/uploads\/sites\/3\/2020\/02\/DSCN0725-1536x1152.jpg 1536w, https:\/\/www.holmon.se\/postrodd\/wp-content\/uploads\/sites\/3\/2020\/02\/DSCN0725-2048x1536.jpg 2048w\" sizes=\"auto, (max-width: 300px) 100vw, 300px\" \/><\/figure>\n<\/div>\n\n\n<p>Syftet med postrodden \u00f6ver Kvarken \u00e4r att:<\/p>\n\n\n\n<ul class=\"wp-block-list\">\n<li>\u00e5teruppliva den historiska transportv\u00e4gen mellan Bj\u00f6rk\u00f6 och Holm\u00f6n<\/li>\n\n\n\n<li>v\u00e4rna om allmogekulturen<\/li>\n\n\n\n<li>befr\u00e4mja samarbetet i Kvarkenregionen<\/li>\n\n\n\n<li>hedra minnet av Bj\u00f6rk\u00f6- och Holm\u00f6bornas skyldigheter att under \u00e5rhundraden f\u00f6ra resanden och post \u00f6ver Kvarken<\/li>\n<\/ul>\n\n\n\n<p>Postrodden g\u00e5r normalt j\u00e4mna \u00e5r fr\u00e5n Holm\u00f6n till Bj\u00f6rk\u00f6 och tv\u00e4rt om udda \u00e5r. Men f\u00f6r att i m\u00f6jligaste m\u00e5n undevika inst\u00e4llda roddar p g a vindl\u00e4get tas nu mer beslut om startplats torsdag f\u00f6re rodden. Den 36 sj\u00f6mil (ca 60 km) l\u00e5nga v\u00e4gen tillryggal\u00e4ggs p\u00e5 i snitt 8-9 tim med 6 m \u00f6ppna sk\u00f6tb\u00e5tar med tv\u00e5 \u00e5rpar och tv\u00e5 sprisegel. Bes\u00e4ttningen utg\u00f6rs av 5-6 personer. Anm\u00e4lan av b\u00e5tlag sker till styrelsen. Betalning och ifylld anm\u00e4lningsblankett ska vara styrelsen tillhanda senast den 31 maj.&nbsp;<\/p>\n\n\n\n<div data-wp-interactive=\"core\/file\" class=\"wp-block-file\"><object data-wp-bind--hidden=\"!state.hasPdfPreview\" hidden class=\"wp-block-file__embed\" data=\"http:\/\/www.holmon.se\/postrodd\/wp-content\/uploads\/sites\/3\/2023\/06\/Stadgar2015.pdf\" type=\"application\/pdf\" style=\"width:100%;height:600px\" aria-label=\"Inb\u00e4ddning av Stadgar2015.\"><\/object><a id=\"wp-block-file--media-3a3eb815-9d93-4629-833d-079c286f874b\" href=\"http:\/\/www.holmon.se\/postrodd\/wp-content\/uploads\/sites\/3\/2023\/06\/Stadgar2015.pdf\" target=\"_blank\" rel=\"noreferrer noopener\">Stadgar2015<\/a><\/div>\n","protected":false},"excerpt":{"rendered":"<p>Om oss Holm\u00f6ns Postroddsf\u00f6rening har sitt s\u00e4te p\u00e5 Holm\u00f6n och \u00e4r \u00f6ppen f\u00f6r alla med intresse f\u00f6r Postrodden \u00f6ver Kvarken. Medlemsskap f\u00e5r alla som erl\u00e4gger fastst\u00e4lld \u00e5rsavgift.&nbsp;En f\u00f6ruts\u00e4ttning f\u00f6r att f\u00e5 ro i en av f\u00f6reningens b\u00e5tar \u00e4r att man \u00e4r medlem i f\u00f6reningen. Syftet med postrodden \u00f6ver Kvarken \u00e4r att: Postrodden g\u00e5r normalt j\u00e4mna &hellip; <a href=\"https:\/\/www.holmon.se\/postrodd\/om-postroddsforeningen\/\" class=\"more-link\">Forts\u00e4tt l\u00e4sa <span class=\"screen-reader-text\">Postroddsf\u00f6reningen<\/span> <span class=\"meta-nav\">&rarr;<\/span><\/a><\/p>\n","protected":false},"author":3,"featured_media":0,"parent":0,"menu_order":0,"comment_status":"closed","ping_status":"closed","template":"","meta":{"footnotes":""},"class_list":["post-11","page","type-page","status-publish","hentry"],"_links":{"self":[{"href":"https:\/\/www.holmon.se\/postrodd\/wp-json\/wp\/v2\/pages\/11","targetHints":{"allow":["GET"]}}],"collection":[{"href":"https:\/\/www.holmon.se\/postrodd\/wp-json\/wp\/v2\/pages"}],"about":[{"href":"https:\/\/www.holmon.se\/postrodd\/wp-json\/wp\/v2\/types\/page"}],"author":[{"embeddable":true,"href":"https:\/\/www.holmon.se\/postrodd\/wp-json\/wp\/v2\/users\/3"}],"replies":[{"embeddable":true,"href":"https:\/\/www.holmon.se\/postrodd\/wp-json\/wp\/v2\/comments?post=11"}],"version-history":[{"count":7,"href":"https:\/\/www.holmon.se\/postrodd\/wp-json\/wp\/v2\/pages\/11\/revisions"}],"predecessor-version":[{"id":105,"href":"https:\/\/www.holmon.se\/postrodd\/wp-json\/wp\/v2\/pages\/11\/revisions\/105"}],"wp:attachment":[{"href":"https:\/\/www.holmon.se\/postrodd\/wp-json\/wp\/v2\/media?parent=11"}],"curies":[{"name":"wp","href":"https:\/\/api.w.org\/{rel}","templated":true}]}}