{"id":9,"date":"2021-09-24T18:09:53","date_gmt":"2021-09-24T16:09:53","guid":{"rendered":"http:\/\/www.holmon.se\/olle-nygren\/?page_id=9"},"modified":"2024-10-23T11:57:23","modified_gmt":"2024-10-23T09:57:23","slug":"om_jongarden","status":"publish","type":"page","link":"https:\/\/www.holmon.se\/olle-nygren\/om_jongarden\/","title":{"rendered":"Om Jong\u00e5rden"},"content":{"rendered":"\n<h3 class=\"wp-block-heading\"><strong>Jong\u00e5rden idag<\/strong><\/h3>\n\n\n<div class=\"wp-block-image\">\n<figure class=\"alignright\"><img decoding=\"async\" src=\"https:\/\/www.damina.se\/wp-content\/uploads\/2020\/04\/Jongarden1-300x225.jpg\" alt=\"\" class=\"wp-image-98\"\/><\/figure>\n<\/div>\n\n\n<p>Jong\u00e5rden \u00e4r ett av de st\u00f6rre bost\u00e4llena p\u00e5 Holm\u00f6n. Jag k\u00f6pte g\u00e5rden och flyttade hit 1995.  <\/p>\n\n\n\n<p>Jong\u00e5rden fick en st\u00f6rre renovering 2003 f\u00f6r att m\u00f6ta familjens och verksamhetens behov. \u00d6verv\u00e5ningen inreddes med sovrum och ett stort v\u00e5tutrymme med bubbelbad och bastu mm f\u00f6r familjen och bes\u00f6kare. <\/p>\n\n\n\n<p>Under 2010 gjordes en milj\u00f6anpassning med jordv\u00e4rme, \u00e4ven om vedeldning fortfarande kan anv\u00e4ndas, t ex vid str\u00f6mavbrott. H\u00f6sten 2020 installerades ett nytt avloppssystem med minireningsverk f\u00f6r fortsatt milj\u00f6anpassning. <\/p>\n\n\n<div class=\"wp-block-image\">\n<figure class=\"alignleft size-medium\"><img fetchpriority=\"high\" decoding=\"async\" width=\"300\" height=\"169\" src=\"http:\/\/www.holmon.se\/olle-nygren\/wp-content\/uploads\/sites\/6\/2022\/05\/DSC_0253-300x169.jpg\" alt=\"\" class=\"wp-image-530\" srcset=\"https:\/\/www.holmon.se\/olle-nygren\/wp-content\/uploads\/sites\/6\/2022\/05\/DSC_0253-300x169.jpg 300w, https:\/\/www.holmon.se\/olle-nygren\/wp-content\/uploads\/sites\/6\/2022\/05\/DSC_0253-1024x576.jpg 1024w, https:\/\/www.holmon.se\/olle-nygren\/wp-content\/uploads\/sites\/6\/2022\/05\/DSC_0253-768x432.jpg 768w, https:\/\/www.holmon.se\/olle-nygren\/wp-content\/uploads\/sites\/6\/2022\/05\/DSC_0253-1536x864.jpg 1536w, https:\/\/www.holmon.se\/olle-nygren\/wp-content\/uploads\/sites\/6\/2022\/05\/DSC_0253-2048x1152.jpg 2048w\" sizes=\"(max-width: 300px) 100vw, 300px\" \/><\/figure>\n<\/div>\n\n\n<p>Sommaren 2021 anskaffades ett utek\u00f6k med eldplats f\u00f6r matlagning ute. Med detta kan familjen njuta av ute aktiviteter och jag kan v\u00e4lkomna bes\u00f6kare f\u00f6r utem\u00e5ltider i samband med Daminas turistaktiviteter.<\/p>\n\n\n\n<p>Sommaren 2024 installerades em solelsanl\u00e4ggning p\u00e5 ladug\u00e5rd- och logtaken. Med 50 paneler ligger produktionen p\u00e5 ca 120 kWh\/dag en solig sommardag.<\/p>\n\n\n\n<p>Till g\u00e5rden h\u00f6r ca 50 ha mark, varav det mesta \u00e4r skog. Ca 7 ha runt g\u00e5rden i byn \u00e4r \u00e5kermark, som nyttjas f\u00f6r bete av en annan f\u00f6retagare. Man kan se betande djur i inh\u00e4ngnen runt g\u00e5rden. I huvudsak ser man f\u00e5r, som alternerar mellan bete p\u00e5 Jong\u00e5rdens mark och andra h\u00e4gn i byn.<\/p>\n\n\n<div class=\"wp-block-image\">\n<figure class=\"alignright\"><img decoding=\"async\" src=\"https:\/\/www.damina.se\/wp-content\/uploads\/2020\/04\/winter2-300x225.jpg\" alt=\"\" class=\"wp-image-100\"\/><\/figure>\n<\/div>\n\n\n<p>Skogen sk\u00f6ts idag extensivt med fr\u00e4mst gallring och uttag av vindf\u00e4llen. En del mogen skog slutavverkades 2003 och delar av marken \u00e5terplanterades d\u00e4refter. F\u00f6r att \u00f6ka l\u00f6vskogsinslaget i strandn\u00e4ra omr\u00e5den gjordes d\u00e4r ingen \u00e5terplantering utan l\u00f6vskogen f\u00e5r \u00f6kas genom sj\u00e4lvf\u00f6ryngring efter avverkningen.&nbsp;<\/p>\n\n\n\n<p>P\u00e5 markerna finns \u00e4ven Toras Big\u00e5rd. Totalt finns kapacitet f\u00f6r ca dussinet bikupor vid Jong\u00e5rden och p\u00e5 n\u00e5gra andra st\u00e4llen p\u00e5 \u00f6n. Vid Toras big\u00e5rd p\u00e5 Jong\u00e5rden sker \u00e4ven drottningparning f\u00f6r renrasiga Nordiska bin. [<a href=\"https:\/\/www.damina.se\/biodling\/\">L\u00e4s mer om biodlingen och parningsstationen]<\/a><\/p>\n\n\n\n<h3 class=\"wp-block-heading\"><strong>Jong\u00e5rdens historia<\/strong><\/h3>\n\n\n\n<p>Boningshuset och den gamla ladug\u00e5rden timrades p\u00e5 1860-talet av \u201dPell-Pers\u201d son Erik Johansson. Detta skedde i samband med att ett av Holm\u00f6ns \u00e5tta stamhemman, Holm\u00f6n 5, delades mellan s\u00f6nerna. G\u00e5rden ligger p\u00e5 nuvarande fastigheten Holm\u00f6n 5:4. Huset \u00e4r en s k&nbsp; V\u00e4sterbottensg\u00e5rd och \u00e4r orienterad i \u00f6st-v\u00e4stlig riktning, vilket \u00e4r ovanligt f\u00f6r v\u00e4sterbottensg\u00e5rdar, som normalt ligger i nord-sydlig riktning. Entr\u00e9n ligger p\u00e5 norra l\u00e5ngsidan av huset. P\u00e5 bottenv\u00e5ningen i \u00f6stra delen finns k\u00f6ket och salen ligger i v\u00e4stra delen.<\/p>\n\n\n<div class=\"wp-block-image\">\n<figure class=\"alignleft\"><img decoding=\"async\" src=\"https:\/\/www.damina.se\/wp-content\/uploads\/2020\/04\/jongarden_autumn-300x210.jpg\" alt=\"\" class=\"wp-image-99\"\/><\/figure>\n<\/div>\n\n\n<p>I b\u00f6rjan av 1920-talet byggdes en ny ladug\u00e5rd p\u00e5 norra sidan av g\u00e5rdsplanen av Eriks son Johan Eriksson. I gamla ladug\u00e5rden, som ligger v\u00e4ster om g\u00e5rdsplanen, byggdes bagarstuga och f\u00f6rr\u00e5d. G\u00e5rdsplanen blev d\u00e5 omg\u00e4rdad av byggnader i s\u00f6der, v\u00e4ster och norr. Infarten \u00e4r fr\u00e5n \u00f6ster och g\u00e5rden ligger ca 80 m fr\u00e5n Berguddsv\u00e4gen. Adressen \u00e4r idag Berguddsv\u00e4gen 14.<\/p>\n\n\n\n<p>Bror Eriksson, son till Johan, tog \u00f6ver hemmanet p\u00e5 1940-talet. Han renoverade huset 1951 och byggde d\u00e5 f\u00f6rstugan med ett litet v\u00e5tutrymme. Vid renoveringen lades trossbotten in och vattenburen v\u00e4rme med spispanna i k\u00f6ket, som central v\u00e4rmek\u00e4lla, drogs in. En ny vedspis installerades ocks\u00e5 i k\u00f6ket, men kakelugnen i salen revs tyv\u00e4rr vid samma renovering. Vedpannan och \u00e4ven vedspisen i k\u00f6ket finns kvar och nyttjas \u00e4n idag. Senare lades pl\u00e5t p\u00e5 taket och p\u00e5 1960-talet&nbsp; byttes f\u00f6nstren till d\u00e5 moderna tv\u00e5glasf\u00f6nster i k\u00f6ket, kammaren och det \u00f6stra sovrummet p\u00e5 \u00f6verv\u00e5ningen, d v s de delar av huset som nyttjades vintertid.&nbsp;<\/p>\n\n\n\n<p>Bror Eriksson var fiskare och f\u00e5rbonde. Till hemmanet fanns ocks\u00e5 fisker\u00e4tter, s k \u201dsk\u00e4l\u201d. D\u00e5 hemmans\u00e4garna till detta hemman ofta var fiskare s\u00e5 valde man ofta att f\u00f6rv\u00e4rva fisker\u00e4tter och avstod mark vid flera arvsskiften. Systemet med \u201dsk\u00e4l\u201d \u00e4r nu avvecklat, och hemmanet hade vid avvecklingen fler sk\u00e4l \u00e4n de flesta andra hemman p\u00e5 Holm\u00f6n.&nbsp;<br><br>Bror Eriksson var den siste aktive bonden p\u00e5 Jong\u00e5rden. I slutet av 1970-talet avvecklades det aktiva jordbruket. Bror Eriksson avled 1986 och hans fru Vera 1992. Under n\u00e5gra \u00e5r nyttjades g\u00e5rden enbart som fritidsbostad av barnbarnen innan jag k\u00f6pte g\u00e5rden.<\/p>\n","protected":false},"excerpt":{"rendered":"<p>Jong\u00e5rden idag Jong\u00e5rden \u00e4r ett av de st\u00f6rre bost\u00e4llena p\u00e5 Holm\u00f6n. Jag k\u00f6pte g\u00e5rden och flyttade hit 1995. Jong\u00e5rden fick en st\u00f6rre renovering 2003 f\u00f6r att m\u00f6ta familjens och verksamhetens behov. \u00d6verv\u00e5ningen inreddes med sovrum och ett stort v\u00e5tutrymme med bubbelbad och bastu mm f\u00f6r familjen och bes\u00f6kare. Under 2010 gjordes en milj\u00f6anpassning med jordv\u00e4rme, &hellip; <a href=\"https:\/\/www.holmon.se\/olle-nygren\/om_jongarden\/\" class=\"more-link\">Forts\u00e4tt l\u00e4sa <span class=\"screen-reader-text\">Om Jong\u00e5rden<\/span> <span class=\"meta-nav\">&rarr;<\/span><\/a><\/p>\n","protected":false},"author":3,"featured_media":0,"parent":0,"menu_order":0,"comment_status":"closed","ping_status":"closed","template":"","meta":{"footnotes":""},"class_list":["post-9","page","type-page","status-publish","hentry"],"_links":{"self":[{"href":"https:\/\/www.holmon.se\/olle-nygren\/wp-json\/wp\/v2\/pages\/9","targetHints":{"allow":["GET"]}}],"collection":[{"href":"https:\/\/www.holmon.se\/olle-nygren\/wp-json\/wp\/v2\/pages"}],"about":[{"href":"https:\/\/www.holmon.se\/olle-nygren\/wp-json\/wp\/v2\/types\/page"}],"author":[{"embeddable":true,"href":"https:\/\/www.holmon.se\/olle-nygren\/wp-json\/wp\/v2\/users\/3"}],"replies":[{"embeddable":true,"href":"https:\/\/www.holmon.se\/olle-nygren\/wp-json\/wp\/v2\/comments?post=9"}],"version-history":[{"count":10,"href":"https:\/\/www.holmon.se\/olle-nygren\/wp-json\/wp\/v2\/pages\/9\/revisions"}],"predecessor-version":[{"id":2350,"href":"https:\/\/www.holmon.se\/olle-nygren\/wp-json\/wp\/v2\/pages\/9\/revisions\/2350"}],"wp:attachment":[{"href":"https:\/\/www.holmon.se\/olle-nygren\/wp-json\/wp\/v2\/media?parent=9"}],"curies":[{"name":"wp","href":"https:\/\/api.w.org\/{rel}","templated":true}]}}