{"id":2,"date":"2021-09-24T15:36:04","date_gmt":"2021-09-24T13:36:04","guid":{"rendered":"http:\/\/www.holmon.se\/olle-nygren\/?page_id=2"},"modified":"2024-10-23T11:55:16","modified_gmt":"2024-10-23T09:55:16","slug":"om_olle","status":"publish","type":"page","link":"https:\/\/www.holmon.se\/olle-nygren\/om_olle\/","title":{"rendered":"Om Olle"},"content":{"rendered":"<div class=\"wp-block-image\">\n<figure class=\"alignright size-full\"><img decoding=\"async\" width=\"201\" height=\"201\" src=\"http:\/\/www.holmon.se\/olle-nygren\/wp-content\/uploads\/sites\/6\/2021\/09\/Profilbild_Olle.jpg\" alt=\"\" class=\"wp-image-22\" srcset=\"https:\/\/www.holmon.se\/olle-nygren\/wp-content\/uploads\/sites\/6\/2021\/09\/Profilbild_Olle.jpg 201w, https:\/\/www.holmon.se\/olle-nygren\/wp-content\/uploads\/sites\/6\/2021\/09\/Profilbild_Olle-150x150.jpg 150w\" sizes=\"(max-width: 201px) 100vw, 201px\" \/><\/figure>\n<\/div>\n\n\n<p>Jag \u00e4r en naturm\u00e4nniska med akademisk bakgrund, som sedan 1995 bor p\u00e5 Jong\u00e5rden,&nbsp;en v\u00e4sterbottensg\u00e5rd p\u00e5 Holm\u00f6n.&nbsp;Jag har ocks\u00e5 en katt och biodling h\u00e4r p\u00e5 g\u00e5rden. Havet tar upp mycket av min tid p\u00e5 m\u00e5nga olika s\u00e4tt. B\u00e5tar, fiske och havsis utg\u00f6r n\u00e5gra s\u00e5dana s\u00e4tt. <\/p>\n\n\n\n<p>I Jong\u00e5rdsklanen ing\u00e5r just nu ocks\u00e5 fem ungdomar och en till gubbe. Det \u00e4r tvillingarna\u00a0Fanny och Nelly, yngsta barnen, som fortfarande \u00e4r skrivna hemma, men som nu studerar och bor st\u00f6rre delen av tiden p\u00e5 fastlandet. Nelly har just avslutat plugg med en fil kand i spr\u00e5kvetenskap p\u00e5 Ume\u00e5 Universitet och har nu f\u00e5tt arbete. Hon bor med sin pojkv\u00e4n, Henrik, i en l\u00e4genhet p\u00e5 Haga. Fanny pluggar till kock p\u00e5 Vindelns Folkh\u00f6gskola och bor hos sin storasyster. De stora barnen Irina och Nadja \u00e4r utflugna. Nadja med man och barn, Andr\u00e9, William, Jamie och nyf\u00f6dde Milo, bor i Holmsund och Irina med sin man, Christian, bor i Sollentuna. Barnens mamma, och min fru Tora, gick bort i cancer f\u00f6r m\u00e5nga \u00e5r sedan. Den femte och sista ungdomen \u00e4r Angelica, som jag varit st\u00f6dfamilj f\u00f6r under en stor del av hennes barndom, s\u00e5 att hon v\u00e4xt in in familjen. Hon \u00e4r \u00e4ldst och bor i Holmsund med sina s\u00f6ner och partner. Till sist har vi farbror Lennart, som varit min fiskekompis i m\u00e5nga \u00e5r, och som av och till bor h\u00e4r p\u00e5 Jong\u00e5rden. Senaste v\u00e4ndan blev ett drygt halv\u00e5r fr\u00e5n 1 december 2021 fram till 1 september 2022. Just nu bor han i en egen l\u00e4genhet i Obbola, men har fortfarande kvar en hel del bohag h\u00e4r p\u00e5 Jong\u00e5rden.<\/p>\n\n\n\n<p>Jag \u00e4r docent i analytisk kemi och har hela mitt liv forskat kring och unders\u00f6kt kemisk exponering i arbetslivet, hur man m\u00e4ter exponeringen och de h\u00e4lsorisker denna exponering kan medf\u00f6ra. <a rel=\"noreferrer noopener\" href=\"https:\/\/www.damina.se\/om-damina\/mer-om-olle\/\" target=\"_blank\">H\u00e4r kan du l\u00e4sa mer om min forskning<\/a>. <\/p>\n\n\n\n<p>Fram till i sommaren 2022 hade jag en fast deltidsanst\u00e4llning som milj\u00f6samordnare vid Ume\u00e5 Universitet. Sen sen dess har jag enstaka konsultuppdrag \u00e5t UmU.  Mina f\u00f6retag, Jong\u00e5rden enskild firma och&nbsp;<a rel=\"noreferrer noopener\" href=\"http:\/\/www.damina.se\/\" target=\"_blank\">Damina AB<\/a>,&nbsp;\u00e4r ocks\u00e5 en stor del av mitt liv.&nbsp;H\u00e4r kan man s\u00e4ga att jag \u00e4r n\u00e5got av en m\u00e5ngsysslare. <\/p>\n\n\n\n<p>Jag \u00e4r ocks\u00e5 engagerad i flera f\u00f6reningar och aktiviteter h\u00e4r p\u00e5 Holm\u00f6n, bl a kass\u00f6r i <a href=\"http:\/\/www.holmon.se\" target=\"_blank\" rel=\"noreferrer noopener\">Holm\u00f6ns Utvecklingsforum<\/a> och <a href=\"http:\/\/www.holmon.se\/hbsf\/\" target=\"_blank\" rel=\"noreferrer noopener\">Holm\u00f6n Byam\u00e4ns Samf\u00e4llighetsf\u00f6rening<\/a>. Jag sitter ocks\u00e5 i styrelsen i <a href=\"http:\/\/www.holmon.se\/hamnforeningen\/\" target=\"_blank\" rel=\"noreferrer noopener\">Hamnf\u00f6reningen<\/a>, Holm\u00f6ns S\u00e5g &amp; Kvarnf\u00f6rening samt i bolagsstyrelsen till Holm\u00f6ns Lanthandel. Jag sk\u00f6ter ocks\u00e5 projektadministration, kassa och IT-support till <a href=\"http:\/\/www.nordbi.se\" target=\"_blank\" rel=\"noreferrer noopener\">Nordbif\u00f6reningen<\/a>.<\/p>\n\n\n\n<p><\/p>\n","protected":false},"excerpt":{"rendered":"<p>Jag \u00e4r en naturm\u00e4nniska med akademisk bakgrund, som sedan 1995 bor p\u00e5 Jong\u00e5rden,&nbsp;en v\u00e4sterbottensg\u00e5rd p\u00e5 Holm\u00f6n.&nbsp;Jag har ocks\u00e5 en katt och biodling h\u00e4r p\u00e5 g\u00e5rden. Havet tar upp mycket av min tid p\u00e5 m\u00e5nga olika s\u00e4tt. B\u00e5tar, fiske och havsis utg\u00f6r n\u00e5gra s\u00e5dana s\u00e4tt. I Jong\u00e5rdsklanen ing\u00e5r just nu ocks\u00e5 fem ungdomar och en till &hellip; <a href=\"https:\/\/www.holmon.se\/olle-nygren\/om_olle\/\" class=\"more-link\">Forts\u00e4tt l\u00e4sa <span class=\"screen-reader-text\">Om Olle<\/span> <span class=\"meta-nav\">&rarr;<\/span><\/a><\/p>\n","protected":false},"author":3,"featured_media":0,"parent":0,"menu_order":0,"comment_status":"closed","ping_status":"closed","template":"","meta":{"footnotes":""},"class_list":["post-2","page","type-page","status-publish","hentry"],"_links":{"self":[{"href":"https:\/\/www.holmon.se\/olle-nygren\/wp-json\/wp\/v2\/pages\/2","targetHints":{"allow":["GET"]}}],"collection":[{"href":"https:\/\/www.holmon.se\/olle-nygren\/wp-json\/wp\/v2\/pages"}],"about":[{"href":"https:\/\/www.holmon.se\/olle-nygren\/wp-json\/wp\/v2\/types\/page"}],"author":[{"embeddable":true,"href":"https:\/\/www.holmon.se\/olle-nygren\/wp-json\/wp\/v2\/users\/3"}],"replies":[{"embeddable":true,"href":"https:\/\/www.holmon.se\/olle-nygren\/wp-json\/wp\/v2\/comments?post=2"}],"version-history":[{"count":24,"href":"https:\/\/www.holmon.se\/olle-nygren\/wp-json\/wp\/v2\/pages\/2\/revisions"}],"predecessor-version":[{"id":1826,"href":"https:\/\/www.holmon.se\/olle-nygren\/wp-json\/wp\/v2\/pages\/2\/revisions\/1826"}],"wp:attachment":[{"href":"https:\/\/www.holmon.se\/olle-nygren\/wp-json\/wp\/v2\/media?parent=2"}],"curies":[{"name":"wp","href":"https:\/\/api.w.org\/{rel}","templated":true}]}}