{"id":184,"date":"2023-11-07T20:29:40","date_gmt":"2023-11-07T19:29:40","guid":{"rendered":"http:\/\/www.holmon.se\/hgef\/?page_id=184"},"modified":"2024-12-26T08:23:41","modified_gmt":"2024-12-26T07:23:41","slug":"sommar-och-vinter","status":"publish","type":"page","link":"https:\/\/www.holmon.se\/hgef\/sommar-och-vinter\/","title":{"rendered":"Sommar och vinter"},"content":{"rendered":"\n<p>P\u00e5 sommaren ansvarar respektive garage\u00e4gare\/parkeringshyresg\u00e4st f\u00f6r slyr\u00f6jning kring sitt garage\/sin parkeringsplats.<\/p>\n\n\n\n<p>Under vintertid sker plogning och sandning. Vid fr\u00e5gor kring detta, kontakta holmonsgarageintressenter@gmail.com.<\/p>\n\n\n\n<p>F\u00f6reningen har k\u00f6pt in en sn\u00f6sl\u00e4de som finns att l\u00e5na. Sn\u00f6sl\u00e4den h\u00e4nger p\u00e5 garage nr 82. Vid skottning vid garage och parkeringsplatser ska sn\u00f6n styras till kortsidan av omr\u00e5det. Detta f\u00f6r att minska m\u00e4ngden vatten mellan och i v\u00e5ra garage n\u00e4r sn\u00f6n tinar bort d\u00e5 vi har d\u00e5lig dr\u00e4nering i omr\u00e5det.<\/p>\n\n\n\n<p>Det finns \u00e4ven en l\u00e5da med sand mitt i f\u00f6reningen f\u00f6r kompletteringssandning.<\/p>\n\n\n\n<p>Kom ih\u00e5g att skotta av taket p\u00e5 era garage! Styrelsen har varit i kontakt med en jurist kring ansvarsfr\u00e5gan vid eventuellt sn\u00f6ras p\u00e5 bil eller person. Ansvaret ligger p\u00e5 garage\u00e4garen att skotta av sitt garage. Varje garageinnehavare ska \u00e4ven ha f\u00f6rs\u00e4kring som t\u00e4cker skada orsakad av sn\u00f6ras.<\/p>\n\n\n\n<figure class=\"wp-block-gallery has-nested-images columns-default is-cropped wp-block-gallery-1 is-layout-flex wp-block-gallery-is-layout-flex\">\n<figure class=\"wp-block-image size-large\"><img loading=\"lazy\" decoding=\"async\" width=\"828\" height=\"557\" data-id=\"275\" src=\"https:\/\/www.holmon.se\/hgef\/wp-content\/uploads\/sites\/2\/2024\/12\/snoslade.jpg\" alt=\"\" class=\"wp-image-275\" srcset=\"https:\/\/www.holmon.se\/hgef\/wp-content\/uploads\/sites\/2\/2024\/12\/snoslade.jpg 828w, https:\/\/www.holmon.se\/hgef\/wp-content\/uploads\/sites\/2\/2024\/12\/snoslade-300x202.jpg 300w, https:\/\/www.holmon.se\/hgef\/wp-content\/uploads\/sites\/2\/2024\/12\/snoslade-768x517.jpg 768w\" sizes=\"auto, (max-width: 828px) 100vw, 828px\" \/><\/figure>\n<\/figure>\n\n\n\n<p><\/p>\n\n\n\n<figure class=\"wp-block-image size-large\"><img loading=\"lazy\" decoding=\"async\" width=\"1024\" height=\"714\" src=\"http:\/\/www.holmon.se\/hgef\/wp-content\/uploads\/sites\/2\/2023\/11\/sandlada-1024x714.jpg\" alt=\"\" class=\"wp-image-185\" srcset=\"https:\/\/www.holmon.se\/hgef\/wp-content\/uploads\/sites\/2\/2023\/11\/sandlada-1024x714.jpg 1024w, https:\/\/www.holmon.se\/hgef\/wp-content\/uploads\/sites\/2\/2023\/11\/sandlada-300x209.jpg 300w, https:\/\/www.holmon.se\/hgef\/wp-content\/uploads\/sites\/2\/2023\/11\/sandlada-768x536.jpg 768w, https:\/\/www.holmon.se\/hgef\/wp-content\/uploads\/sites\/2\/2023\/11\/sandlada.jpg 1121w\" sizes=\"auto, (max-width: 1024px) 100vw, 1024px\" \/><\/figure>\n","protected":false},"excerpt":{"rendered":"<p>P\u00e5 sommaren ansvarar respektive garage\u00e4gare\/parkeringshyresg\u00e4st f\u00f6r slyr\u00f6jning kring sitt garage\/sin parkeringsplats. Under vintertid sker plogning och sandning. Vid fr\u00e5gor kring detta, kontakta holmonsgarageintressenter@gmail.com. F\u00f6reningen har k\u00f6pt in en sn\u00f6sl\u00e4de som finns att l\u00e5na. Sn\u00f6sl\u00e4den h\u00e4nger p\u00e5 garage nr 82. Vid skottning vid garage och parkeringsplatser ska sn\u00f6n styras till kortsidan av omr\u00e5det. Detta f\u00f6r att &hellip; <a href=\"https:\/\/www.holmon.se\/hgef\/sommar-och-vinter\/\" class=\"more-link\">Forts\u00e4tt l\u00e4sa <span class=\"screen-reader-text\">Sommar och vinter<\/span> <span class=\"meta-nav\">&rarr;<\/span><\/a><\/p>\n","protected":false},"author":1,"featured_media":0,"parent":0,"menu_order":0,"comment_status":"closed","ping_status":"closed","template":"","meta":{"footnotes":""},"class_list":["post-184","page","type-page","status-publish","hentry"],"_links":{"self":[{"href":"https:\/\/www.holmon.se\/hgef\/wp-json\/wp\/v2\/pages\/184","targetHints":{"allow":["GET"]}}],"collection":[{"href":"https:\/\/www.holmon.se\/hgef\/wp-json\/wp\/v2\/pages"}],"about":[{"href":"https:\/\/www.holmon.se\/hgef\/wp-json\/wp\/v2\/types\/page"}],"author":[{"embeddable":true,"href":"https:\/\/www.holmon.se\/hgef\/wp-json\/wp\/v2\/users\/1"}],"replies":[{"embeddable":true,"href":"https:\/\/www.holmon.se\/hgef\/wp-json\/wp\/v2\/comments?post=184"}],"version-history":[{"count":8,"href":"https:\/\/www.holmon.se\/hgef\/wp-json\/wp\/v2\/pages\/184\/revisions"}],"predecessor-version":[{"id":284,"href":"https:\/\/www.holmon.se\/hgef\/wp-json\/wp\/v2\/pages\/184\/revisions\/284"}],"wp:attachment":[{"href":"https:\/\/www.holmon.se\/hgef\/wp-json\/wp\/v2\/media?parent=184"}],"curies":[{"name":"wp","href":"https:\/\/api.w.org\/{rel}","templated":true}]}}