{"id":10,"date":"2024-02-01T15:09:50","date_gmt":"2024-02-01T14:09:50","guid":{"rendered":"http:\/\/www.holmon.se\/hbsf\/?page_id=10"},"modified":"2025-07-05T10:27:36","modified_gmt":"2025-07-05T08:27:36","slug":"valkommen","status":"publish","type":"page","link":"https:\/\/www.holmon.se\/hbsf\/","title":{"rendered":"V\u00e4lkommen"},"content":{"rendered":"\n<figure class=\"wp-block-image size-large\"><img loading=\"lazy\" decoding=\"async\" width=\"1024\" height=\"767\" src=\"http:\/\/www.holmon.se\/hbsf\/wp-content\/uploads\/sites\/7\/2025\/06\/20190726-DJI-0478-1024x767.jpg\" alt=\"\" class=\"wp-image-466\" srcset=\"https:\/\/www.holmon.se\/hbsf\/wp-content\/uploads\/sites\/7\/2025\/06\/20190726-DJI-0478-1024x767.jpg 1024w, https:\/\/www.holmon.se\/hbsf\/wp-content\/uploads\/sites\/7\/2025\/06\/20190726-DJI-0478-300x225.jpg 300w, https:\/\/www.holmon.se\/hbsf\/wp-content\/uploads\/sites\/7\/2025\/06\/20190726-DJI-0478-768x575.jpg 768w, https:\/\/www.holmon.se\/hbsf\/wp-content\/uploads\/sites\/7\/2025\/06\/20190726-DJI-0478.jpg 1280w\" sizes=\"auto, (max-width: 1024px) 100vw, 1024px\" \/><\/figure>\n\n\n\n<h4 class=\"wp-block-heading has-red-color has-text-color has-link-color wp-elements-a867573a87ffe51aa7e1962fa621db1c\">Detta \u00e4r Holm\u00f6n Byam\u00e4ns Samf\u00e4llighetsf\u00f6renings webplats<\/h4>\n\n\n\n<p>Holm\u00f6n Byam\u00e4ns Samf\u00e4llighetsf\u00f6renings (HBSF) \u00e4ger och f\u00f6rvaltar samf\u00e4llda markomr\u00e5den p\u00e5 Holm\u00f6arna. Det r\u00f6r sig fr\u00e4mst om v\u00e4gar, diken, myrar och gamla fiskel\u00e4gen med fiskestugor runt om p\u00e5 Holm\u00f6arna. Men ocks\u00e5 den strandmark som bildats p\u00e5 grund av landh\u00f6jningen sedan laga skifte i b\u00f6rjan av 1900-talet. <\/p>\n\n\n\n<p>Alla som \u00e4ger jordbruksfastigheter med andel i det samf\u00e4llda \u00e4r medlemmar i f\u00f6reningen efter det andelstal som jordbruksfastigheten har i det samf\u00e4llda.<\/p>\n\n\n\n<p><a href=\"http:\/\/www.holmon.se\/hbsf\/valkommen\/for-medlemmar\/\" data-type=\"page\" data-id=\"14\">F\u00f6r medlemmar<\/a> (L\u00f6senordsskyddad del)<\/p>\n\n\n\n<p><a href=\"http:\/\/www.holmon.se\/hbsf\/valkommen\/for-styrelsen\/\" data-type=\"page\" data-id=\"16\">F\u00f6r styrelsen<\/a> (L\u00f6senordsskyddad del)<\/p>\n","protected":false},"excerpt":{"rendered":"<p>Detta \u00e4r Holm\u00f6n Byam\u00e4ns Samf\u00e4llighetsf\u00f6renings webplats Holm\u00f6n Byam\u00e4ns Samf\u00e4llighetsf\u00f6renings (HBSF) \u00e4ger och f\u00f6rvaltar samf\u00e4llda markomr\u00e5den p\u00e5 Holm\u00f6arna. Det r\u00f6r sig fr\u00e4mst om v\u00e4gar, diken, myrar och gamla fiskel\u00e4gen med fiskestugor runt om p\u00e5 Holm\u00f6arna. Men ocks\u00e5 den strandmark som bildats p\u00e5 grund av landh\u00f6jningen sedan laga skifte i b\u00f6rjan av 1900-talet. Alla som \u00e4ger jordbruksfastigheter &hellip; <a href=\"https:\/\/www.holmon.se\/hbsf\/\" class=\"more-link\">Forts\u00e4tt l\u00e4sa <span class=\"screen-reader-text\">V\u00e4lkommen<\/span> <span class=\"meta-nav\">&rarr;<\/span><\/a><\/p>\n","protected":false},"author":3,"featured_media":0,"parent":0,"menu_order":0,"comment_status":"closed","ping_status":"closed","template":"","meta":{"footnotes":""},"class_list":["post-10","page","type-page","status-publish","hentry"],"_links":{"self":[{"href":"https:\/\/www.holmon.se\/hbsf\/wp-json\/wp\/v2\/pages\/10","targetHints":{"allow":["GET"]}}],"collection":[{"href":"https:\/\/www.holmon.se\/hbsf\/wp-json\/wp\/v2\/pages"}],"about":[{"href":"https:\/\/www.holmon.se\/hbsf\/wp-json\/wp\/v2\/types\/page"}],"author":[{"embeddable":true,"href":"https:\/\/www.holmon.se\/hbsf\/wp-json\/wp\/v2\/users\/3"}],"replies":[{"embeddable":true,"href":"https:\/\/www.holmon.se\/hbsf\/wp-json\/wp\/v2\/comments?post=10"}],"version-history":[{"count":10,"href":"https:\/\/www.holmon.se\/hbsf\/wp-json\/wp\/v2\/pages\/10\/revisions"}],"predecessor-version":[{"id":510,"href":"https:\/\/www.holmon.se\/hbsf\/wp-json\/wp\/v2\/pages\/10\/revisions\/510"}],"wp:attachment":[{"href":"https:\/\/www.holmon.se\/hbsf\/wp-json\/wp\/v2\/media?parent=10"}],"curies":[{"name":"wp","href":"https:\/\/api.w.org\/{rel}","templated":true}]}}