{"id":82,"date":"2020-07-31T23:45:47","date_gmt":"2020-07-31T21:45:47","guid":{"rendered":"http:\/\/www.holmon.se\/hamnforeningen\/?page_id=82"},"modified":"2020-07-31T23:47:54","modified_gmt":"2020-07-31T21:47:54","slug":"gasthamn","status":"publish","type":"page","link":"https:\/\/www.holmon.se\/hamnforeningen\/gasthamn\/","title":{"rendered":"G\u00e4sthamn"},"content":{"rendered":"\n<p>I Byviken finns g\u00e4sthamn med boj-f\u00f6rt\u00f6jning direkt till v\u00e4nster p\u00e5 \u00f6stra sidan och en flytbrygga p\u00e5 v\u00e4stra sidan.<\/p>\n\n\n\n<p>Avgiften f\u00f6r att bes\u00f6ka g\u00e4sthamnen \u00e4r 150 kr\/dygn p\u00e5 v\u00e4stra sidan och 50 kr\/dygn mot flytbryggan. Bes\u00f6k under dagtid \u00e4r gratis. Betalning kan ske via Swish eller p\u00e5 Holm\u00f6ns Lanthandel p\u00e5 v\u00e4stra sidan av hamnen. Mer information finns p\u00e5 anslag i hamnen.<\/p>\n\n\n\n<div class=\"wp-block-file\"><a href=\"http:\/\/www.holmon.se\/hamnforeningen\/wp-content\/uploads\/sites\/4\/2020\/07\/ordningsregler-gasthamn.pdf\">G\u00e4sthamnens ordningsregler<\/a><\/div>\n","protected":false},"excerpt":{"rendered":"<p>I Byviken finns g\u00e4sthamn med boj-f\u00f6rt\u00f6jning direkt till v\u00e4nster p\u00e5 \u00f6stra sidan och en flytbrygga p\u00e5 v\u00e4stra sidan. Avgiften f\u00f6r att bes\u00f6ka g\u00e4sthamnen \u00e4r 150 kr\/dygn p\u00e5 v\u00e4stra sidan och 50 kr\/dygn mot flytbryggan. Bes\u00f6k under dagtid \u00e4r gratis. Betalning kan ske via Swish eller p\u00e5 Holm\u00f6ns Lanthandel p\u00e5 v\u00e4stra sidan av hamnen. Mer information &hellip; <a href=\"https:\/\/www.holmon.se\/hamnforeningen\/gasthamn\/\" class=\"more-link\">Forts\u00e4tt l\u00e4sa <span class=\"screen-reader-text\">G\u00e4sthamn<\/span> <span class=\"meta-nav\">&rarr;<\/span><\/a><\/p>\n","protected":false},"author":1,"featured_media":0,"parent":0,"menu_order":0,"comment_status":"closed","ping_status":"closed","template":"","meta":{"footnotes":""},"class_list":["post-82","page","type-page","status-publish","hentry"],"_links":{"self":[{"href":"https:\/\/www.holmon.se\/hamnforeningen\/wp-json\/wp\/v2\/pages\/82","targetHints":{"allow":["GET"]}}],"collection":[{"href":"https:\/\/www.holmon.se\/hamnforeningen\/wp-json\/wp\/v2\/pages"}],"about":[{"href":"https:\/\/www.holmon.se\/hamnforeningen\/wp-json\/wp\/v2\/types\/page"}],"author":[{"embeddable":true,"href":"https:\/\/www.holmon.se\/hamnforeningen\/wp-json\/wp\/v2\/users\/1"}],"replies":[{"embeddable":true,"href":"https:\/\/www.holmon.se\/hamnforeningen\/wp-json\/wp\/v2\/comments?post=82"}],"version-history":[{"count":2,"href":"https:\/\/www.holmon.se\/hamnforeningen\/wp-json\/wp\/v2\/pages\/82\/revisions"}],"predecessor-version":[{"id":86,"href":"https:\/\/www.holmon.se\/hamnforeningen\/wp-json\/wp\/v2\/pages\/82\/revisions\/86"}],"wp:attachment":[{"href":"https:\/\/www.holmon.se\/hamnforeningen\/wp-json\/wp\/v2\/media?parent=82"}],"curies":[{"name":"wp","href":"https:\/\/api.w.org\/{rel}","templated":true}]}}