{"id":75,"date":"2020-07-31T23:07:45","date_gmt":"2020-07-31T21:07:45","guid":{"rendered":"http:\/\/www.holmon.se\/hamnforeningen\/?page_id=75"},"modified":"2020-07-31T23:07:45","modified_gmt":"2020-07-31T21:07:45","slug":"batplats","status":"publish","type":"page","link":"https:\/\/www.holmon.se\/hamnforeningen\/batplats\/","title":{"rendered":"B\u00e5tplats"},"content":{"rendered":"\n<p>F\u00f6reningen har ett antal b\u00e5tplatser tillg\u00e4ngliga f\u00f6r f\u00f6reningens medlemmar. Vid intresse av b\u00e5tplats anm\u00e4ls intresse till f\u00f6reningens b\u00e5tplatsansvarige, f\u00f6r n\u00e4rvarande Benny<br>Brakander, tel 070-3594317 eller e\u2010post: bbrakander@hotmail.com.<\/p>\n\n\n\n<p>Det finns fyra typer av b\u00e5tplatser:<\/p>\n\n\n\n<ul class=\"wp-block-list\"><li>L\u00e5ngsida &#8211; B\u00e5tens l\u00e5ngsida ligger mot kaj\/brygga, 700 kr\/\u00e5r<\/li><li>Y-bom &#8211; Metallbom p\u00e5 var sida om b\u00e5ten, f\u00f6ren mot kaj\/brygga, 700 kr\/\u00e5r<\/li><li>Boj &#8211; Boj f\u00f6r f\u00f6rt\u00f6jning i akter, f\u00f6ren mot kaj\/brygga, 500 kr\/\u00e5r<\/li><li>L\u00e4nning &#8211; B\u00e5ten dras upp efter varje anv\u00e4ndning, 350 kr\/\u00e5r<\/li><\/ul>\n","protected":false},"excerpt":{"rendered":"<p>F\u00f6reningen har ett antal b\u00e5tplatser tillg\u00e4ngliga f\u00f6r f\u00f6reningens medlemmar. Vid intresse av b\u00e5tplats anm\u00e4ls intresse till f\u00f6reningens b\u00e5tplatsansvarige, f\u00f6r n\u00e4rvarande BennyBrakander, tel 070-3594317 eller e\u2010post: bbrakander@hotmail.com. Det finns fyra typer av b\u00e5tplatser: L\u00e5ngsida &#8211; B\u00e5tens l\u00e5ngsida ligger mot kaj\/brygga, 700 kr\/\u00e5r Y-bom &#8211; Metallbom p\u00e5 var sida om b\u00e5ten, f\u00f6ren mot kaj\/brygga, 700 kr\/\u00e5r Boj &hellip; <a href=\"https:\/\/www.holmon.se\/hamnforeningen\/batplats\/\" class=\"more-link\">Forts\u00e4tt l\u00e4sa <span class=\"screen-reader-text\">B\u00e5tplats<\/span> <span class=\"meta-nav\">&rarr;<\/span><\/a><\/p>\n","protected":false},"author":1,"featured_media":0,"parent":0,"menu_order":0,"comment_status":"closed","ping_status":"closed","template":"","meta":{"footnotes":""},"class_list":["post-75","page","type-page","status-publish","hentry"],"_links":{"self":[{"href":"https:\/\/www.holmon.se\/hamnforeningen\/wp-json\/wp\/v2\/pages\/75","targetHints":{"allow":["GET"]}}],"collection":[{"href":"https:\/\/www.holmon.se\/hamnforeningen\/wp-json\/wp\/v2\/pages"}],"about":[{"href":"https:\/\/www.holmon.se\/hamnforeningen\/wp-json\/wp\/v2\/types\/page"}],"author":[{"embeddable":true,"href":"https:\/\/www.holmon.se\/hamnforeningen\/wp-json\/wp\/v2\/users\/1"}],"replies":[{"embeddable":true,"href":"https:\/\/www.holmon.se\/hamnforeningen\/wp-json\/wp\/v2\/comments?post=75"}],"version-history":[{"count":1,"href":"https:\/\/www.holmon.se\/hamnforeningen\/wp-json\/wp\/v2\/pages\/75\/revisions"}],"predecessor-version":[{"id":76,"href":"https:\/\/www.holmon.se\/hamnforeningen\/wp-json\/wp\/v2\/pages\/75\/revisions\/76"}],"wp:attachment":[{"href":"https:\/\/www.holmon.se\/hamnforeningen\/wp-json\/wp\/v2\/media?parent=75"}],"curies":[{"name":"wp","href":"https:\/\/api.w.org\/{rel}","templated":true}]}}