{"id":72,"date":"2020-07-31T23:01:50","date_gmt":"2020-07-31T21:01:50","guid":{"rendered":"http:\/\/www.holmon.se\/hamnforeningen\/?page_id=72"},"modified":"2022-06-21T12:54:08","modified_gmt":"2022-06-21T10:54:08","slug":"medlemskap","status":"publish","type":"page","link":"https:\/\/www.holmon.se\/hamnforeningen\/medlemskap\/","title":{"rendered":"Medlemskap"},"content":{"rendered":"\n<p>Vill du bli medlem i Hamnf\u00f6reningen?<\/p>\n\n\n\n<p>Hamnf\u00f6reningen heter egentligen \u201dByviken Holm\u00f6n Ekonomisk f\u00f6reningen\u201d och \u00e4r s\u00e5ledes en ekonomisk f\u00f6rening. Hamnf\u00f6reningen \u00e4r \u00f6ppen f\u00f6r fysiska personer, f\u00f6reningar och f\u00f6retag med intresse av utvecklingen av Byviken med dess hamnomr\u00e5de och badstrand\/gr\u00f6nomr\u00e5de.<\/p>\n\n\n\n<p>F\u00f6r att bli medlem erl\u00e4gger man en medlemsinsats p\u00e5 500 kr och den \u00e5rsavgift som \u00e5rsst\u00e4mman beslutar om (f\u00f6r maj 2020\u2010april 2021 \u00e4r \u00e5rsavgiften 200 kr). Medlemsinsatsen kan man om man vill f\u00e5 tillbaka om man uttr\u00e4der ur f\u00f6reningen. Insatsen och \u00e5rsavgiften ska betalas mot fakturera till f\u00f6reningens bankgiro. Skicka namn, postadress, epost-adress och mobilnummer till f\u00f6reningens kass\u00f6r, se kontaktinformation under <a href=\"http:\/\/www.holmon.se\/hamnforeningen\/om-foreningen\/\">http:\/\/www.holmon.se\/hamnforeningen\/om-foreningen\/<\/a><\/p>\n\n\n\n<p>Som medlem i Hamnf\u00f6reningen s\u00e5 f\u00e5r du ocks\u00e5 parkera din cykel i f\u00f6reningens cykelbod i Byviken.<\/p>\n\n\n\n<div class=\"wp-block-file\"><a id=\"wp-block-file--media-44ca44e5-0301-4d8e-98a0-06a8aad085d1\" href=\"http:\/\/www.holmon.se\/hamnforeningen\/wp-content\/uploads\/sites\/4\/2020\/07\/ordningsregler-medlemmar.pdf\">Ordningsregler medlemmar<\/a><\/div>\n","protected":false},"excerpt":{"rendered":"<p>Vill du bli medlem i Hamnf\u00f6reningen? Hamnf\u00f6reningen heter egentligen \u201dByviken Holm\u00f6n Ekonomisk f\u00f6reningen\u201d och \u00e4r s\u00e5ledes en ekonomisk f\u00f6rening. Hamnf\u00f6reningen \u00e4r \u00f6ppen f\u00f6r fysiska personer, f\u00f6reningar och f\u00f6retag med intresse av utvecklingen av Byviken med dess hamnomr\u00e5de och badstrand\/gr\u00f6nomr\u00e5de. F\u00f6r att bli medlem erl\u00e4gger man en medlemsinsats p\u00e5 500 kr och den \u00e5rsavgift som \u00e5rsst\u00e4mman &hellip; <a href=\"https:\/\/www.holmon.se\/hamnforeningen\/medlemskap\/\" class=\"more-link\">Forts\u00e4tt l\u00e4sa <span class=\"screen-reader-text\">Medlemskap<\/span> <span class=\"meta-nav\">&rarr;<\/span><\/a><\/p>\n","protected":false},"author":1,"featured_media":0,"parent":0,"menu_order":0,"comment_status":"closed","ping_status":"closed","template":"","meta":{"footnotes":""},"class_list":["post-72","page","type-page","status-publish","hentry"],"_links":{"self":[{"href":"https:\/\/www.holmon.se\/hamnforeningen\/wp-json\/wp\/v2\/pages\/72","targetHints":{"allow":["GET"]}}],"collection":[{"href":"https:\/\/www.holmon.se\/hamnforeningen\/wp-json\/wp\/v2\/pages"}],"about":[{"href":"https:\/\/www.holmon.se\/hamnforeningen\/wp-json\/wp\/v2\/types\/page"}],"author":[{"embeddable":true,"href":"https:\/\/www.holmon.se\/hamnforeningen\/wp-json\/wp\/v2\/users\/1"}],"replies":[{"embeddable":true,"href":"https:\/\/www.holmon.se\/hamnforeningen\/wp-json\/wp\/v2\/comments?post=72"}],"version-history":[{"count":7,"href":"https:\/\/www.holmon.se\/hamnforeningen\/wp-json\/wp\/v2\/pages\/72\/revisions"}],"predecessor-version":[{"id":170,"href":"https:\/\/www.holmon.se\/hamnforeningen\/wp-json\/wp\/v2\/pages\/72\/revisions\/170"}],"wp:attachment":[{"href":"https:\/\/www.holmon.se\/hamnforeningen\/wp-json\/wp\/v2\/media?parent=72"}],"curies":[{"name":"wp","href":"https:\/\/api.w.org\/{rel}","templated":true}]}}