{"id":12,"date":"2020-07-23T22:12:29","date_gmt":"2020-07-23T20:12:29","guid":{"rendered":"http:\/\/www.holmon.se\/hamnforeningen\/?page_id=12"},"modified":"2025-11-13T11:39:41","modified_gmt":"2025-11-13T10:39:41","slug":"styrelse","status":"publish","type":"page","link":"https:\/\/www.holmon.se\/hamnforeningen\/styrelse\/","title":{"rendered":"Styrelsen"},"content":{"rendered":"\n<p><em>Styrelsen beslutad p\u00e5 \u00e5rsm\u00f6te 2021, fram till \u00e5rsm\u00f6te 2022.<\/em><\/p>\n\n\n\n<p>S<strong>tyrelseledam\u00f6ter<\/strong><br>Rune Brandt (ordf\u00f6rande)<br>Kim Bostr\u00f6m (sekreterare)<br>Olle Nygren<br>Staffan Lindkvist<br>Benny Brakander<br>John Brakander<br>Bert Tegstr\u00f6m<br>Hannes Lundberg<br>Rickard Berglund<\/p>\n\n\n\n<p><strong>Styrelsesuppleanter<\/strong><br>Kenneth Lundberg<br>Therese Holmstr\u00f6m<\/p>\n\n\n\n<p><strong>Hamnfogde<\/strong><br>Vakant (adj styrelsen)<\/p>\n\n\n\n<p><strong>Revisorer<\/strong><br>Maria Hedblom<\/p>\n\n\n\n<p><strong>Revisorsuppleant<\/strong><br>Lars Brakander<\/p>\n\n\n\n<p><strong>Valberedning<\/strong><br>Lena Egnell<br>Christer Larsson<\/p>\n\n\n\n<p><strong>Extern kass\u00f6r<\/strong><br>Fredrik Domeij, fredrik@frecon.se, 070-3037836<\/p>\n","protected":false},"excerpt":{"rendered":"<p>Styrelsen beslutad p\u00e5 \u00e5rsm\u00f6te 2021, fram till \u00e5rsm\u00f6te 2022. Styrelseledam\u00f6terRune Brandt (ordf\u00f6rande)Kim Bostr\u00f6m (sekreterare)Olle NygrenStaffan LindkvistBenny BrakanderJohn BrakanderBert Tegstr\u00f6mHannes LundbergRickard Berglund StyrelsesuppleanterKenneth LundbergTherese Holmstr\u00f6m HamnfogdeVakant (adj styrelsen) RevisorerMaria Hedblom RevisorsuppleantLars Brakander ValberedningLena EgnellChrister Larsson Extern kass\u00f6rFredrik Domeij, fredrik@frecon.se, 070-3037836<\/p>\n","protected":false},"author":1,"featured_media":0,"parent":0,"menu_order":0,"comment_status":"closed","ping_status":"closed","template":"","meta":{"footnotes":""},"class_list":["post-12","page","type-page","status-publish","hentry"],"_links":{"self":[{"href":"https:\/\/www.holmon.se\/hamnforeningen\/wp-json\/wp\/v2\/pages\/12","targetHints":{"allow":["GET"]}}],"collection":[{"href":"https:\/\/www.holmon.se\/hamnforeningen\/wp-json\/wp\/v2\/pages"}],"about":[{"href":"https:\/\/www.holmon.se\/hamnforeningen\/wp-json\/wp\/v2\/types\/page"}],"author":[{"embeddable":true,"href":"https:\/\/www.holmon.se\/hamnforeningen\/wp-json\/wp\/v2\/users\/1"}],"replies":[{"embeddable":true,"href":"https:\/\/www.holmon.se\/hamnforeningen\/wp-json\/wp\/v2\/comments?post=12"}],"version-history":[{"count":6,"href":"https:\/\/www.holmon.se\/hamnforeningen\/wp-json\/wp\/v2\/pages\/12\/revisions"}],"predecessor-version":[{"id":292,"href":"https:\/\/www.holmon.se\/hamnforeningen\/wp-json\/wp\/v2\/pages\/12\/revisions\/292"}],"wp:attachment":[{"href":"https:\/\/www.holmon.se\/hamnforeningen\/wp-json\/wp\/v2\/media?parent=12"}],"curies":[{"name":"wp","href":"https:\/\/api.w.org\/{rel}","templated":true}]}}