{"id":10,"date":"2020-07-23T22:07:31","date_gmt":"2020-07-23T20:07:31","guid":{"rendered":"http:\/\/www.holmon.se\/hamnforeningen\/?page_id=10"},"modified":"2025-01-26T21:33:45","modified_gmt":"2025-01-26T20:33:45","slug":"om-foreningen","status":"publish","type":"page","link":"https:\/\/www.holmon.se\/hamnforeningen\/om-foreningen\/","title":{"rendered":"Om f\u00f6reningen"},"content":{"rendered":"\n<p>Byviken Holm\u00f6n Ekonomisk f\u00f6rening bildades 2006 i syfte att fr\u00e4mja medlemmarnas ekonomiska intressen genom att f\u00f6rv\u00e4rva Holm\u00f6 hamn 1:1, \u00e4ga, f\u00f6rvalta fast och l\u00f6s egendom samt utveckla Holm\u00f6 hamn i enlighet med medlemmarnas intressen. \u00c4ven f\u00f6r att tillgodose milj\u00f6-, natur- och kulturv\u00e4rden, g\u00e4sthamn, badplats och gr\u00f6nomr\u00e5den f\u00f6r bes\u00f6kande och boende p\u00e5 Holm\u00f6n samt behov av b\u00e5tplatser f\u00f6r medlemmar.<\/p>\n\n\n\n<p><strong>Organisationsnummer:<\/strong> 769615-8281<\/p>\n\n\n\n<p><strong>Bankgiro:<\/strong> 5420-1033<\/p>\n\n\n\n<p><strong>Postadress (kass\u00f6r):<\/strong><br>Byviken Holm\u00f6ns Ekonomisk f\u00f6rening<br>c\/o Fredrik Domeij<br>Guldv\u00e4gen 5<br>907 50 Ume\u00e5<br>fredrik@frecon.se<br>070-3037836<\/p>\n\n\n\n<p>F\u00f6r information om hur vi behandlar personuppgifter, se <a href=\"https:\/\/www.holmon.se\/hamnforeningen\/behandling-av-personuppgifter\/\" data-type=\"page\" data-id=\"237\">Behandling av personuppgifter<\/a>.<\/p>\n","protected":false},"excerpt":{"rendered":"<p>Byviken Holm\u00f6n Ekonomisk f\u00f6rening bildades 2006 i syfte att fr\u00e4mja medlemmarnas ekonomiska intressen genom att f\u00f6rv\u00e4rva Holm\u00f6 hamn 1:1, \u00e4ga, f\u00f6rvalta fast och l\u00f6s egendom samt utveckla Holm\u00f6 hamn i enlighet med medlemmarnas intressen. \u00c4ven f\u00f6r att tillgodose milj\u00f6-, natur- och kulturv\u00e4rden, g\u00e4sthamn, badplats och gr\u00f6nomr\u00e5den f\u00f6r bes\u00f6kande och boende p\u00e5 Holm\u00f6n samt behov av &hellip; <a href=\"https:\/\/www.holmon.se\/hamnforeningen\/om-foreningen\/\" class=\"more-link\">Forts\u00e4tt l\u00e4sa <span class=\"screen-reader-text\">Om f\u00f6reningen<\/span> <span class=\"meta-nav\">&rarr;<\/span><\/a><\/p>\n","protected":false},"author":1,"featured_media":0,"parent":0,"menu_order":0,"comment_status":"closed","ping_status":"closed","template":"","meta":{"footnotes":""},"class_list":["post-10","page","type-page","status-publish","hentry"],"_links":{"self":[{"href":"https:\/\/www.holmon.se\/hamnforeningen\/wp-json\/wp\/v2\/pages\/10","targetHints":{"allow":["GET"]}}],"collection":[{"href":"https:\/\/www.holmon.se\/hamnforeningen\/wp-json\/wp\/v2\/pages"}],"about":[{"href":"https:\/\/www.holmon.se\/hamnforeningen\/wp-json\/wp\/v2\/types\/page"}],"author":[{"embeddable":true,"href":"https:\/\/www.holmon.se\/hamnforeningen\/wp-json\/wp\/v2\/users\/1"}],"replies":[{"embeddable":true,"href":"https:\/\/www.holmon.se\/hamnforeningen\/wp-json\/wp\/v2\/comments?post=10"}],"version-history":[{"count":5,"href":"https:\/\/www.holmon.se\/hamnforeningen\/wp-json\/wp\/v2\/pages\/10\/revisions"}],"predecessor-version":[{"id":239,"href":"https:\/\/www.holmon.se\/hamnforeningen\/wp-json\/wp\/v2\/pages\/10\/revisions\/239"}],"wp:attachment":[{"href":"https:\/\/www.holmon.se\/hamnforeningen\/wp-json\/wp\/v2\/media?parent=10"}],"curies":[{"name":"wp","href":"https:\/\/api.w.org\/{rel}","templated":true}]}}